{"id":1636,"date":"2024-03-08T12:40:41","date_gmt":"2024-03-08T12:40:41","guid":{"rendered":"https:\/\/baorent.cat\/?page_id=1636"},"modified":"2024-03-27T17:15:25","modified_gmt":"2024-03-27T17:15:25","slug":"politica-de-cookies","status":"publish","type":"page","link":"https:\/\/baorent.cat\/ca\/politica-de-cookies\/","title":{"rendered":"Politica de Cookies"},"content":{"rendered":"<div class=\"fusion-fullwidth fullwidth-box fusion-builder-row-1 fusion-flex-container nonhundred-percent-fullwidth non-hundred-percent-height-scrolling\" style=\"--awb-border-radius-top-left:0px;--awb-border-radius-top-right:0px;--awb-border-radius-bottom-right:0px;--awb-border-radius-bottom-left:0px;--awb-background-color:var(--awb-color1);--awb-background-image:linear-gradient(180deg, var(--awb-color1) 0%,var(--awb-color1) 100%);--awb-flex-wrap:wrap;\" ><div class=\"fusion-builder-row fusion-row fusion-flex-align-items-flex-start fusion-flex-content-wrap\" style=\"max-width:1216.8px;margin-left: calc(-4% \/ 2 );margin-right: calc(-4% \/ 2 );\"><div class=\"fusion-layout-column fusion_builder_column fusion-builder-column-0 fusion_builder_column_1_1 1_1 fusion-flex-column\" style=\"--awb-bg-size:cover;--awb-width-large:100%;--awb-margin-top-large:0px;--awb-spacing-right-large:1.92%;--awb-margin-bottom-large:0px;--awb-spacing-left-large:1.92%;--awb-width-medium:100%;--awb-order-medium:0;--awb-spacing-right-medium:1.92%;--awb-spacing-left-medium:1.92%;--awb-width-small:100%;--awb-order-small:0;--awb-spacing-right-small:1.92%;--awb-spacing-left-small:1.92%;\"><div class=\"fusion-column-wrapper fusion-column-has-shadow fusion-flex-justify-content-flex-start fusion-content-layout-column\"><div class=\"fusion-title title fusion-title-1 fusion-sep-none fusion-title-text fusion-title-size-three\"><h3 class=\"fusion-title-heading title-heading-left fusion-responsive-typography-calculated\" style=\"margin:0;text-transform:capitalize;--fontSize:42;line-height:var(--awb-typography1-line-height);\"><strong>POL\u00cdTICA DE COOKIES<\/strong><\/h3><\/div><div class=\"fusion-separator fusion-full-width-sep\" style=\"align-self: center;margin-left: auto;margin-right: auto;margin-top:22px;width:100%;\"><\/div><\/div><\/div><div class=\"fusion-layout-column fusion_builder_column fusion-builder-column-1 fusion_builder_column_1_1 1_1 fusion-flex-column\" style=\"--awb-bg-blend:overlay;--awb-bg-size:cover;--awb-width-large:100%;--awb-margin-top-large:0px;--awb-spacing-right-large:1.92%;--awb-margin-bottom-large:0px;--awb-spacing-left-large:1.92%;--awb-width-medium:100%;--awb-spacing-right-medium:1.92%;--awb-spacing-left-medium:1.92%;--awb-width-small:100%;--awb-spacing-right-small:1.92%;--awb-spacing-left-small:1.92%;\"><div class=\"fusion-column-wrapper fusion-flex-justify-content-flex-start fusion-content-layout-column\"><div class=\"fusion-text fusion-text-1\"><p><b style=\"color: var(--awb-color8); font-size: 16px;\" data-fusion-font=\"true\">POL\u00cdTICA DE COOKIES DE BAOWATT SCCL<\/b><\/p>\n<p><b style=\"color: var(--awb-color8); font-size: 16px;\" data-fusion-font=\"true\"><br \/><\/b><\/p>\n<p><strong style=\"color: var(--awb-color8); font-size: 16px;\" data-fusion-font=\"true\"><u>1. Qu\u00e8 s\u00f3n les cookies?<\/u><\/strong><\/p>\n<p class=\"p2\" style=\"color: var(--awb-color8); font-size: 16px;\" data-fusion-font=\"true\">Una cookie \u00e9s un fitxer que es descarrega en el seu equip (per exemple, un ordinador, un tel\u00e8fon m\u00f2bil o una tauleta) a l\u2019accedir a determinades p\u00e0gines web. Les cookies permeten a una p\u00e0gina web, entre altres coses, emmagatzemar i recuperar informaci\u00f3 sobre els h\u00e0bits de navegaci\u00f3 d&#8217;un usuari o del seu equip i, depenent de la informaci\u00f3 que continguin i de la forma en qu\u00e8 utilitzi el seu equip, poden utilitzar-se per a recon\u00e8ixer a l&#8217;usuari.<\/p>\n<p class=\"p2\" style=\"color: var(--awb-color8); font-size: 15px;\" data-fusion-font=\"true\">\n<p class=\"p4\"><strong style=\"color: var(--awb-color8); font-size: 16px;\" data-fusion-font=\"true\"><u>2. Per qu\u00e8 s\u00f3n importants les cookies?<\/u><\/strong><\/p>\n<p class=\"p2\" style=\"color: var(--awb-color8); font-size: 16px;\" data-fusion-font=\"true\">Les cookies s\u00f3n \u00fatils per diversos motius. Des d&#8217;un punt de vista t\u00e8cnic, permeten que les p\u00e0gines web funcionin de forma m\u00e9s \u00e0gil i adaptada a les seves prefer\u00e8ncies, com per exemple emmagatzemar la seva prefer\u00e8ncia d&#8217;idioma. A m\u00e9s, ajuden els responsables dels llocs web a millorar els serveis que ofereixen, gr\u00e0cies a la informaci\u00f3 estad\u00edstica que recullen a trav\u00e9s d&#8217;elles.<\/p>\n<p class=\"p2\" style=\"color: var(--awb-color8); font-size: 15px;\" data-fusion-font=\"true\">\n<p class=\"p4\"><strong style=\"color: var(--awb-color8); font-size: 16px;\" data-fusion-font=\"true\"><u>3. Tipus de cookies que es poden utilitzar i classificaci\u00f3<\/u><\/strong><\/p>\n<ul class=\"ul1\">\n<li class=\"li2\"><b style=\"color: var(--awb-color8); font-size: 16px;\" data-fusion-font=\"true\">Cookies t\u00e8cniques:<\/b><span style=\"color: var(--awb-color8); font-size: 16px;\" data-fusion-font=\"true\"> S\u00f3n aquelles que permeten a l&#8217;usuari la navegaci\u00f3 a trav\u00e9s de la p\u00e0gina web o aplicaci\u00f3 i la utilitzaci\u00f3 de les diferents opcions o serveis que en ella existeixen. S\u00f3n imprescindibles per a un \u00fas normal de la p\u00e0gina. Per exemple, identificar la sessi\u00f3, controlar el tr\u00e0nsit i la comunicaci\u00f3 de dades, accedir a les parts web d&#8217;acc\u00e9s restringit, etc.<\/span><\/li>\n<li class=\"li2\"><b style=\"color: var(--awb-color8); font-size: 16px;\" data-fusion-font=\"true\">Cookies de personalitzaci\u00f3:<\/b><span style=\"color: var(--awb-color8); font-size: 16px;\" data-fusion-font=\"true\"> S\u00f3n aquelles que permeten a l&#8217;usuari accedir al servei amb algunes caracter\u00edstiques de car\u00e0cter general predefinides en la seva terminal o que el propi usuari defineixi. Per exemple, l&#8217;idioma, el tipus de navegador a trav\u00e9s del qual accedeix al servei, etc.<\/span><\/li>\n<li class=\"li2\"><b style=\"color: var(--awb-color8); font-size: 16px;\" data-fusion-font=\"true\">Cookies d&#8217;an\u00e0lisis:<\/b><span style=\"color: var(--awb-color8); font-size: 16px;\" data-fusion-font=\"true\"> S\u00f3n aquelles que ben tractades per nosaltres o per tercers, permeten quantificar el nombre d&#8217;usuaris i aix\u00ed realitzar el mesurament i an\u00e0lisi estad\u00edstica de la utilitzaci\u00f3 que fan els usuaris de la p\u00e0gina web. Per a aix\u00f2 s&#8217;analitza la seva navegaci\u00f3 per les seccions de la p\u00e0gina amb la finalitat de millorar els seus continguts de manera cont\u00ednua.<\/span><\/li>\n<li class=\"li2\"><b style=\"color: var(--awb-color8); font-size: 16px;\" data-fusion-font=\"true\">Cookies de sessi\u00f3:<\/b><span style=\"color: var(--awb-color8); font-size: 16px;\" data-fusion-font=\"true\"> Aquestes cookies romanen actives \u00fanicament durant el temps d&#8217;\u00fas per part de l&#8217;usuari. No emmagatzema cap dada en el seu navegador o disc dur. \u00c9s interessant des del punt de vista d&#8217;an\u00e0lisi de la navegaci\u00f3 i oferir millor experi\u00e8ncia segons es va estudiant el mercat.<\/span><\/li>\n<li class=\"li2\"><b style=\"color: var(--awb-color8); font-size: 16px;\" data-fusion-font=\"true\">Cookies permanents:<\/b><span style=\"color: var(--awb-color8); font-size: 16px;\" data-fusion-font=\"true\"> A difer\u00e8ncia de les anteriors, aquestes cookies s\u00ed que s&#8217;emmagatzemen en el navegador i s&#8217;activen cada vegada que es realitza una nova visita. Tenen una data d&#8217;expiraci\u00f3 concreta i despr\u00e9s de sobrepassar aquesta data ja no serveixen, tret que tornem a mostrar l&#8217;av\u00eds a l&#8217;usuari i el torni a acceptar.<\/span><\/li>\n<li class=\"li2\"><b style=\"color: var(--awb-color8); font-size: 16px;\" data-fusion-font=\"true\">Cookies publicit\u00e0ries:<\/b><span style=\"color: var(--awb-color8); font-size: 16px;\" data-fusion-font=\"true\"> Aquestes cookies estudien el comportament dels usuaris per a poder oferir-los despr\u00e9s publicitat relacionada amb el que se suposa interessa al seu perfil.<\/span><\/li>\n<li class=\"li2\"><b style=\"color: var(--awb-color8); font-size: 16px;\" data-fusion-font=\"true\">Cookies pr\u00f2pies:<\/b><span style=\"color: var(--awb-color8); font-size: 16px;\" data-fusion-font=\"true\"> S\u00f3n les cookies pr\u00f2pies de l&#8217;editor del lloc web. \u00c9s a dir les mateixes que presten el servei a l&#8217;usuari de la web pr\u00f2pia.<\/span><\/li>\n<li class=\"li2\"><b style=\"color: var(--awb-color8); font-size: 16px;\" data-fusion-font=\"true\">Cookies de tercers:<\/b><span style=\"color: var(--awb-color8); font-size: 16px;\" data-fusion-font=\"true\"> S\u00f3n les cookies que s&#8217;instal\u00b7len per una altra entitat que no \u00e9s l&#8217;editor del lloc, sin\u00f3 per una altra entitat que tracta les dades a trav\u00e9s de les cookies. Per exemple Google Analytics.<\/span><\/li>\n<\/ul>\n<p><font color=\"#222222\"><span style=\"font-size: 16px;\"><br \/><\/span><\/font><\/p>\n<p class=\"p7\" style=\"color: var(--awb-color8); font-size: 16px;\" data-fusion-font=\"true\">La seg\u00fcent taula mostra, de forma resumida, les cookies que utilitzem en la nostra p\u00e0gina web o en les apps per a dispositius m\u00f2bils:<\/p>\n<table class=\"t1\" cellspacing=\"0\" cellpadding=\"0\">\n<tbody>\n<tr>\n<td class=\"td1\" colspan=\"4\" valign=\"middle\">\n<p class=\"p3\"><b style=\"color: var(--awb-color8); font-size: 16px;\" data-fusion-font=\"true\">Cookies de tercers <\/b><span style=\"color: var(--awb-color8); font-size: 16px;\" data-fusion-font=\"true\">(la informaci\u00f3 recollida a continuaci\u00f3 ha estat facilitada per aquests tercers)<\/span><\/p>\n<\/td>\n<\/tr>\n<\/tbody>\n<\/table>\n<\/div>\n<div class=\"table-1\">\n<table width=\"100%\">\n<thead>\n<tr>\n<th align=\"left\">\n<p>Cookies<\/p>\n<\/th>\n<th align=\"left\">\n<p class=\"p1\">Informaci\u00f3<\/p>\n<\/th>\n<th align=\"left\">\n<p class=\"p1\">Finalitat<\/p>\n<\/th>\n<\/tr>\n<\/thead>\n<tbody>\n<tr>\n<td align=\"left\">\n<p class=\"p1\">Google Analytics<\/p>\n<\/td>\n<td align=\"left\">\n<p class=\"p1\">Activitat en la web i temps de navegaci\u00f3<\/p>\n<\/td>\n<td align=\"left\">\n<p>Aquestes cookies s&#8217;utilitzen per a recollir informaci\u00f3 sobre l&#8217;\u00fas de la nostra p\u00e0gina web per part dels visitants. Utilitzem la informaci\u00f3 per a elaborar informes i per a millorar el lloc. Les cookies recopilen informaci\u00f3 de manera an\u00f2nima, que inclou, entre altres, el nombre de visitants al lloc, el lloc de proced\u00e8ncia al lloc dels visitants i les p\u00e0gines visitades.<\/p>\n<\/td>\n<\/tr>\n<\/tbody>\n<\/table>\n<\/div>\n<div class=\"fusion-separator fusion-full-width-sep\" style=\"align-self: center;margin-left: auto;margin-right: auto;margin-top:22px;width:100%;\"><\/div><div class=\"fusion-text fusion-text-2\"><p class=\"p1\"><span style=\"color: var(--awb-color8); font-size: 15px;\" data-fusion-font=\"true\">Nosaltres no utilitzem cap mena de cookies de publicitat.<\/span><\/p>\n<p class=\"p1\"><span style=\"color: var(--awb-color8); font-size: 15px;\" data-fusion-font=\"true\">Les cookies que utilitzem no emmagatzemen cap dada personal conforme a la legislaci\u00f3 en mat\u00e8ria de protecci\u00f3 de dades vigent.<\/span><\/p>\n<p class=\"p1\"><span class=\"s1\" style=\"color: var(--awb-color8); font-size: 15px;\" data-fusion-font=\"true\"><br \/><\/span><\/p>\n<p class=\"p4\" style=\"color: var(--awb-color8); font-size: 15px;\" data-fusion-font=\"true\"><b><u>3.4. Com desactivar o eliminar les cookies?<\/u><\/b><\/p>\n<p class=\"p5\" style=\"color: var(--awb-color8); font-size: 15px;\" data-fusion-font=\"true\">Al navegar i continuar en la nostra p\u00e0gina web o en la instal\u00b7laci\u00f3 de les nostres apps per a dispositius m\u00f2bils pot estar consentint l&#8217;\u00fas de les cookies en les condicions contingudes en la present Pol\u00edtica de Cookies.<\/p>\n<p class=\"p6\"><span style=\"color: var(--awb-color8); font-size: 15px;\" data-fusion-font=\"true\">L&#8217;informem que, at\u00e8s que les cookies no s\u00f3n necess\u00e0ries per a l&#8217;\u00fas de la nostra p\u00e0gina web, pot bloquejar-les o deshabilitar-les activant la configuraci\u00f3 del seu navegador, que li permet rebutjar la instal\u00b7laci\u00f3 de totes les cookies o d&#8217;algunes d&#8217;elles.<\/span><span class=\"Apple-converted-space\" style=\"color: var(--awb-color8); font-size: 15px;\" data-fusion-font=\"true\"> <\/span><\/p>\n<p class=\"p6\" style=\"color: var(--awb-color8); font-size: 15px;\" data-fusion-font=\"true\">En general bastar\u00e0 amb obrir el navegador i triar l&#8217;opci\u00f3 de \u201cesborrar dades de navegaci\u00f3\u201d en el men\u00fa corresponent.<\/p>\n<p class=\"p6\" style=\"color: var(--awb-color8); font-size: 15px;\" data-fusion-font=\"true\">Tamb\u00e9 pot vost\u00e8 permetre, bloquejar o eliminar les cookies instal\u00b7lades en el seu equip mitjan\u00e7ant la configuraci\u00f3 de les opcions del navegador instal\u00b7lat en el seu ordinador.<\/p>\n<\/p>\n<ul>\n<li><span data-fusion-font=\"true\" style=\"font-size: 15px; color: var(--awb-color8);\">Per a m\u00e9s informaci\u00f3 sobre el navegador Firefox premi aqu\u00ed.<\/span><\/li>\n<\/ul>\n<ul>\n<li><span data-fusion-font=\"true\" style=\"font-size: 15px; color: var(--awb-color8);\">Per a m\u00e9s informaci\u00f3 sobre el navegador Chrome premi aqu\u00ed.<\/span><\/li>\n<\/ul>\n<ul>\n<li><span data-fusion-font=\"true\" style=\"font-size: 15px; color: var(--awb-color8);\">Per a m\u00e9s informaci\u00f3 sobre el navegador Explorer premi aqu\u00ed.<\/span><\/li>\n<\/ul>\n<ul>\n<li><span data-fusion-font=\"true\" style=\"font-size: 15px; color: var(--awb-color8);\">Per a m\u00e9s informaci\u00f3 sobre el navegador Safari des d&#8217;aqu\u00ed.<\/span><\/li>\n<\/ul>\n<ul>\n<li><span data-fusion-font=\"true\" style=\"font-size: 15px; color: var(--awb-color8);\">Per a m\u00e9s informaci\u00f3 sobre el navegador Opera des d&#8217;aqu\u00ed.<\/span><\/li>\n<\/ul>\n<p><span data-fusion-font=\"true\" style=\"font-size: 15px; color: var(--awb-color8);\"><\/p>\n<p><\/span><\/p>\n<p class=\"p6\" style=\"color: var(--awb-color8); font-size: 15px;\" data-fusion-font=\"true\"><span data-fusion-font=\"true\" style=\"font-size: 15px; color: var(--awb-color8);\">Si desitja informaci\u00f3 addicional sobre com configurar les Cookies detallada per prove\u00efdor o administrar les seves prefer\u00e8ncies, visiti el portal \u201cYour Online Choices\u201d. Si desitja m\u00e9s informaci\u00f3 sobre les cookies i el seu funcionament en general pot cons<\/span>ultar la Guia d&#8217;Utilitzaci\u00f3 de Cookies publicada per l&#8217;Ag\u00e8ncia Espanyola de Protecci\u00f3 de Dades.<\/p>\n<p class=\"p6\" style=\"color: var(--awb-color8); font-size: 15px;\" data-fusion-font=\"true\">\n<p class=\"p4\" style=\"color: var(--awb-color8); font-size: 15px;\" data-fusion-font=\"true\"><b><u>3.5. Actualitzacions de la Pol\u00edtica de Cookies<\/u><\/b><\/p>\n<p class=\"p6\" style=\"color: var(--awb-color8); font-size: 15px;\" data-fusion-font=\"true\">BAOWATT SCCL modificar\u00e0 la present pol\u00edtica en funci\u00f3 d&#8217;exig\u00e8ncies legislatives, reglament\u00e0ries, o amb la finalitat d&#8217;adaptar aquesta pol\u00edtica a les instruccions dictades per l&#8217;Ag\u00e8ncia Espanyola de Protecci\u00f3 de Dades, per aix\u00f2 s&#8217;aconsella als usuaris de la mateixa que la visitin peri\u00f2dicament.<\/p>\n<\/div><\/div><\/div><\/div><\/div>\n","protected":false},"excerpt":{"rendered":"","protected":false},"author":2,"featured_media":0,"parent":0,"menu_order":2000,"comment_status":"closed","ping_status":"closed","template":"","meta":{"footnotes":""},"class_list":["post-1636","page","type-page","status-publish","hentry"],"_links":{"self":[{"href":"https:\/\/baorent.cat\/ca\/wp-json\/wp\/v2\/pages\/1636","targetHints":{"allow":["GET"]}}],"collection":[{"href":"https:\/\/baorent.cat\/ca\/wp-json\/wp\/v2\/pages"}],"about":[{"href":"https:\/\/baorent.cat\/ca\/wp-json\/wp\/v2\/types\/page"}],"author":[{"embeddable":true,"href":"https:\/\/baorent.cat\/ca\/wp-json\/wp\/v2\/users\/2"}],"replies":[{"embeddable":true,"href":"https:\/\/baorent.cat\/ca\/wp-json\/wp\/v2\/comments?post=1636"}],"version-history":[{"count":5,"href":"https:\/\/baorent.cat\/ca\/wp-json\/wp\/v2\/pages\/1636\/revisions"}],"predecessor-version":[{"id":2072,"href":"https:\/\/baorent.cat\/ca\/wp-json\/wp\/v2\/pages\/1636\/revisions\/2072"}],"wp:attachment":[{"href":"https:\/\/baorent.cat\/ca\/wp-json\/wp\/v2\/media?parent=1636"}],"curies":[{"name":"wp","href":"https:\/\/api.w.org\/{rel}","templated":true}]}}