{"id":3,"date":"2023-11-29T08:06:13","date_gmt":"2023-11-29T08:06:13","guid":{"rendered":"https:\/\/baorent.cat\/?page_id=3"},"modified":"2024-03-27T17:15:02","modified_gmt":"2024-03-27T17:15:02","slug":"politica-privacitat","status":"publish","type":"page","link":"https:\/\/baorent.cat\/ca\/politica-privacitat\/","title":{"rendered":"Politica de Pivacitat"},"content":{"rendered":"<div class=\"fusion-fullwidth fullwidth-box fusion-builder-row-1 fusion-flex-container has-pattern-background has-mask-background nonhundred-percent-fullwidth non-hundred-percent-height-scrolling\" style=\"--awb-border-radius-top-left:0px;--awb-border-radius-top-right:0px;--awb-border-radius-bottom-right:0px;--awb-border-radius-bottom-left:0px;--awb-background-color:var(--awb-color1);--awb-background-image:linear-gradient(180deg, var(--awb-color1) 0%,var(--awb-color1) 100%);--awb-flex-wrap:wrap;\" ><div class=\"fusion-builder-row fusion-row fusion-flex-align-items-flex-start fusion-flex-content-wrap\" style=\"max-width:1216.8px;margin-left: calc(-4% \/ 2 );margin-right: calc(-4% \/ 2 );\"><div class=\"fusion-layout-column fusion_builder_column fusion-builder-column-0 fusion_builder_column_1_1 1_1 fusion-flex-column\" style=\"--awb-bg-size:cover;--awb-width-large:100%;--awb-margin-top-large:0px;--awb-spacing-right-large:1.92%;--awb-margin-bottom-large:0px;--awb-spacing-left-large:1.92%;--awb-width-medium:100%;--awb-order-medium:0;--awb-spacing-right-medium:1.92%;--awb-spacing-left-medium:1.92%;--awb-width-small:100%;--awb-order-small:0;--awb-spacing-right-small:1.92%;--awb-spacing-left-small:1.92%;\"><div class=\"fusion-column-wrapper fusion-column-has-shadow fusion-flex-justify-content-flex-start fusion-content-layout-column\"><div class=\"fusion-title title fusion-title-1 fusion-sep-none fusion-title-text fusion-title-size-three\"><h3 class=\"fusion-title-heading title-heading-left fusion-responsive-typography-calculated\" style=\"margin:0;text-transform:capitalize;--fontSize:42;line-height:var(--awb-typography1-line-height);\"><p><strong>POL\u00cdTICA DE PRIVACITAT<\/strong><\/p>\n<p>&nbsp;<\/p><\/h3><\/div><div class=\"fusion-separator fusion-full-width-sep\" style=\"align-self: center;margin-left: auto;margin-right: auto;margin-top:22px;width:100%;\"><\/div><\/div><\/div><div class=\"fusion-layout-column fusion_builder_column fusion-builder-column-1 fusion_builder_column_1_1 1_1 fusion-flex-column\" style=\"--awb-bg-blend:overlay;--awb-bg-size:cover;--awb-width-large:100%;--awb-margin-top-large:0px;--awb-spacing-right-large:1.92%;--awb-margin-bottom-large:0px;--awb-spacing-left-large:1.92%;--awb-width-medium:100%;--awb-spacing-right-medium:1.92%;--awb-spacing-left-medium:1.92%;--awb-width-small:100%;--awb-spacing-right-small:1.92%;--awb-spacing-left-small:1.92%;\"><div class=\"fusion-column-wrapper fusion-flex-justify-content-flex-start fusion-content-layout-column\"><div class=\"fusion-text fusion-text-1\"><p class=\"p1\"><span style=\"color: var(--awb-text-color); font-family: var(--awb-text-font-family); font-size: var(--awb-font-size); font-style: var(--awb-text-font-style); letter-spacing: var(--awb-letter-spacing); text-align: var(--awb-content-alignment); text-transform: var(--awb-text-transform); background-color: var(--awb-bg-color);\"><span style=\"color: #222222; font-size: 16px;\" data-fusion-font=\"true\"><b>AV\u00cdS LEGAL BAOWATT SCCL<\/b><\/span><\/span><\/p>\n<p class=\"p1\"><span style=\"color: var(--awb-text-color); font-family: var(--awb-text-font-family); font-size: var(--awb-font-size); font-style: var(--awb-text-font-style); letter-spacing: var(--awb-letter-spacing); text-align: var(--awb-content-alignment); text-transform: var(--awb-text-transform); background-color: var(--awb-bg-color);\"><span style=\"color: #222222; font-size: 16px;\" data-fusion-font=\"true\"><b>\u00a0<\/b><\/span><\/span><\/p>\n<p class=\"p1\">\n<p class=\"p1\"><span style=\"font-size: 14px; color: #222222;\" data-fusion-font=\"true\"><b><u>1.1. Titularitat i identificaci\u00f3<\/u><\/b><\/span><\/p>\n<p class=\"p2\"><span style=\"font-size: 14px; color: #222222;\" data-fusion-font=\"true\">En compliment de l\u2019establert en l\u2019article 10 de la Llei 34\/2002, de 11 de juliol, de serveis de la societat, de la informaci\u00f3 i de comer\u00e7 electr\u00f2nic, es posa de manifest que BAOWATT SCCL, t\u00e9 el seu domicili social i fiscal a C\/Castell de Solterra, 4b, 2n2a amb el seg\u00fcent F02995165 inscrita en el registre mercantil CNAE 9004.<\/span><\/p>\n<p class=\"p4\"><span style=\"font-size: 14px; color: #222222;\" data-fusion-font=\"true\">Baowatt SCCL \u00e9s titular del domini\/s d\u2019internet <\/span><a style=\"font-size: 14px; color: #222222;\" href=\"https:\/\/baowatt.cat\/\" data-fusion-font=\"true\">baowatt.cat<\/a><span style=\"font-size: 14px; color: #222222;\" data-fusion-font=\"true\">, a l\u2019igual que els subdominis o portals dependents d\u2019aquest.<\/span><\/p>\n<p class=\"p4\" style=\"font-size: 14px; color: #222222;\" data-fusion-font=\"true\">La direcci\u00f3 general de correu electr\u00f2nic de contacte \u00e9s INFO@BAOWATT.CAT<\/p>\n<p class=\"p1\"><span style=\"font-size: 14px; color: #222222;\" data-fusion-font=\"true\"><b><u>1.2. Condicions generals<\/u><\/b><\/span><\/p>\n<p class=\"p4\" style=\"font-size: 14px; color: #222222;\" data-fusion-font=\"true\">L&#8217;\u00fas del lloc web implica l&#8217;expressa i plena acceptaci\u00f3 de les condicions aqu\u00ed exposades, sense perjudici d&#8217;aquelles particulars que poguessin aplicar-se a alguns dels serveis concrets oferts a trav\u00e9s del lloc web. BAOWATT SCCL es reserva el dret de modificar en qualsevol moment les presents condicions d&#8217;\u00fas aix\u00ed com qualssevol altres condicions particulars.<\/p>\n<p class=\"p1\"><span style=\"font-size: 14px; color: #222222;\" data-fusion-font=\"true\"><u><b>1.3. Drets de la propietat intel\u00b7lectual i industrial<\/b><\/u><\/span><\/p>\n<p class=\"p4\"><span class=\"s2\" style=\"font-size: 14px; color: #222222;\" data-fusion-font=\"true\">BAOWATT SCCL <\/span><span style=\"font-size: 14px; color: #222222;\" data-fusion-font=\"true\">\u00e9s titular de tots els drets de propietat industrial i intel\u00b7lectual del material publicat a la\/es corresponent\/s p\u00e0gina\/es web dels domini\/s. Aquests drets protegeixen els dissenys gr\u00e0fics, imatges, codis font, continguts i altres elements. Tot aix\u00f2, amb excepci\u00f3 dels drets que no s\u00f3n propietat <\/span><span class=\"s2\" style=\"font-size: 14px; color: #222222;\" data-fusion-font=\"true\">de BAOWATT SCCL <\/span><span style=\"font-size: 14px; color: #222222;\" data-fusion-font=\"true\">i que pertanyin als seus respectius titulars.<\/span><\/p>\n<p class=\"p4\"><span style=\"font-size: 14px; color: #222222;\" data-fusion-font=\"true\">Fora de la simple activitat de desc\u00e0rrega i emmagatzematge en el disc dur de la persona (d&#8217;ara endavant l\u2019\/els usuari\/s) que accedeix\/en a la informaci\u00f3 continguda a les p\u00e0gines web del\/s domini\/s de BAOWATT SCCL<\/span><span class=\"s2\" style=\"font-size: 14px; color: #222222;\" data-fusion-font=\"true\">, <\/span><span style=\"font-size: 14px; color: #222222;\" data-fusion-font=\"true\">que es considera autoritzada, est\u00e0 estrictament prohibit modificar, distribuir, reutilitzar o reenviar tot o part del contingut de les p\u00e0gines web del\/s domini\/s de BAOWATT SCCL per a prop\u00f2sits de car\u00e0cter p\u00fablic o comercial sense l&#8217;autoritzaci\u00f3 escrita de BAOWATT SCCL.<\/span><\/p>\n<p class=\"p4\" style=\"font-size: 14px; color: #222222;\" data-fusion-font=\"true\">Les actuacions que infringeixin les disposicions anteriorment expressades, poden constituir una vulneraci\u00f3 dels drets de propietat intel\u00b7lectual i industrial protegits en el Text Ref\u00f3s de la Llei de Propietat Intel\u00b7lectual (TRLPI), donant lloc als delictes tipificats en els articles 270, seg\u00fcents i concordants del vigent Codi Penal.<\/p>\n<p class=\"p1\"><span style=\"font-size: 14px; color: #222222;\" data-fusion-font=\"true\"><b><u>1.4. Documents continguts en les P\u00e0gines Web<\/u><\/b><\/span><\/p>\n<p class=\"p4\" style=\"font-size: 14px; color: #222222;\" data-fusion-font=\"true\">Els documents i gr\u00e0fics annexos als mateixos que estiguin situats en les p\u00e0gines web del\/s domini\/s de BAOWATT SCCL podran ser modificats en qualsevol moment, sense necessitat de comunicaci\u00f3 pr\u00e8via per part de BAOWATT SCCL.<\/p>\n<p class=\"p4\" style=\"font-size: 14px; color: #222222;\" data-fusion-font=\"true\">BAOWATT SCCL no garanteix la idone\u00eftat del contingut d&#8217;aquests documents i gr\u00e0fics annexos, per la qual cosa no respon quan tingui lloc aquesta falta d&#8217;idone\u00eftat -en sup\u00f2sits com ara errors de car\u00e0cter tipogr\u00e0fic-, ni de la utilitzaci\u00f3 que d&#8217;aquests documents faci l&#8217;usuari receptor, el qual assumir\u00e0 la totalitat del risc que poguessin derivar-se de l&#8217;\u00fas d&#8217;aquests. BAOWATT SCCL no ser\u00e0 responsable de les dades i perjudicis que poguessin derivar-se d&#8217;aquesta utilitzaci\u00f3.<\/p>\n<p class=\"p4\" style=\"font-size: 14px; color: #222222;\" data-fusion-font=\"true\"><u style=\"font-family: var(--awb-text-font-family); font-style: var(--awb-text-font-style); font-weight: var(--awb-text-font-weight); letter-spacing: var(--awb-letter-spacing); text-align: var(--awb-content-alignment); text-transform: var(--awb-text-transform); background-color: var(--awb-bg-color-hover);\"><b>1.5. Enlla\u00e7os amb Llocs de Tercers<\/b><\/u><\/p>\n<p class=\"p7\"><span class=\"s3\" style=\"font-size: 14px; color: #222222;\" data-fusion-font=\"true\">BAOWATT SCCL<\/span><span style=\"font-size: 14px; color: #222222;\" data-fusion-font=\"true\"> proporciona a l&#8217;usuari l&#8217;acc\u00e9s a altres llocs web de tercers mitjan\u00e7ant links (enlla\u00e7os) amb la finalitat exclusiva d&#8217;informar-lo sobre l&#8217;exist\u00e8ncia d&#8217;altres fonts d&#8217;informaci\u00f3 a Internet amb les quals podr\u00e0 ampliar les dades que se li ofereixen en les p\u00e0gines web del\/s domini\/s de BAOWATT SCCL. Aquests enlla\u00e7os a altres llocs web no suposen en cap cas un suggeriment o recomanaci\u00f3 de visitar les p\u00e0gines web de dest\u00ed, que es troben fora del control de BAOWATT SCCL, per la qual cosa BAOWATT SCCL no ser\u00e0 responsable del contingut dels llocs web vinculats ni del resultat obtingut per l&#8217;usuari a trav\u00e9s d&#8217;aquests enlla\u00e7os. Aix\u00ed mateix, BAOWATT SCCL no respondr\u00e0 dels links o enlla\u00e7os situats en els llocs vinculats als quals facilita l&#8217;acc\u00e9s.<\/span><\/p>\n<p class=\"p7\"><b style=\"color: #222222; font-size: 14px; font-family: var(--awb-text-font-family); font-style: var(--awb-text-font-style); letter-spacing: var(--awb-letter-spacing); text-align: var(--awb-content-alignment); text-transform: var(--awb-text-transform); background-color: var(--awb-bg-color-hover);\"><u>1.6. \u00c0rees d&#8217;acc\u00e9s Restringit de la P\u00e0gines Web<\/u><\/b><\/p>\n<p class=\"p4\" style=\"font-size: 14px; color: #222222;\" data-fusion-font=\"true\">Determinades p\u00e0gines web dels dominis de BAOWATT SCCL disposen d&#8217;un apartat d&#8217;acc\u00e9s restringit a usuaris registrats. Les condicions d&#8217;\u00fas, responsabilitats i altres aspectes que es deriven de la utilitzaci\u00f3 d&#8217;aquestes \u00e0rees s\u00f3n posades en coneixement dels usuaris en el moment del seu registre.<\/p>\n<p class=\"p1\"><span style=\"font-size: 14px; color: #222222;\" data-fusion-font=\"true\"><b><u>1.7. Limitaci\u00f3 de Responsabilitat<\/u><\/b><\/span><\/p>\n<p class=\"p4\" style=\"font-size: 14px; color: #222222;\" data-fusion-font=\"true\">En cap cas BAOWATT SCCL, els seus prove\u00efdors o els tercers reflectits en les p\u00e0gines web del\/s domini\/s seran responsables per danys de qualsevol tipus (incloent, entre altres, els danys resultants de p\u00e8rdues de beneficis, p\u00e8rdua de dades o interrupci\u00f3 de negoci) que resultin de l&#8217;\u00fas, impossibilitat d&#8217;\u00fas o dels resultats de l&#8217;\u00fas de les p\u00e0gines web del\/s domini\/s, qualsevol p\u00e0gina web connectada a aquestes o dels materials o informaci\u00f3 continguda en qualssevol d&#8217;aquestes p\u00e0gines, ja es basi aquesta responsabilitat en garantia, contracte, culpa o neglig\u00e8ncia, o qualsevol altra teoria legal, i amb independ\u00e8ncia que s&#8217;hagi avisat o no sobre la possibilitat de tals danys. Si la utilitzaci\u00f3 per l&#8217;usuari dels materials o informaci\u00f3 de les p\u00e0gines web del\/s domini\/s, comporta la necessitat de prestar un servei, reparar o corregir l&#8217;equip o dades, aquest usuari ser\u00e0 responsable de tals costos.<\/p>\n<p class=\"p1\"><span style=\"font-size: 14px; color: #222222;\" data-fusion-font=\"true\"><b><u>1.8. Llei Aplicable i Jurisdicci\u00f3<\/u><\/b><\/span><\/p>\n<p class=\"p8\" style=\"font-size: 14px; color: #222222;\" data-fusion-font=\"true\">Per a la resoluci\u00f3 de totes les controv\u00e8rsies o q\u00fcestions relacionades amb el present lloc web o de les activitats en ell desenvolupades, ser\u00e0 aplicable la legislaci\u00f3 espanyola, a la qual se sotmeten expressament les parts, sent competents per a la resoluci\u00f3 de tots els conflictes derivats o relacionats amb el seu \u00fas els Jutjats i Tribunals que corresponguin segons la jurisdicci\u00f3 territorial determinada per la legislaci\u00f3 aplicable.<\/p>\n<\/div><\/div><\/div><\/div><\/div>\n","protected":false},"excerpt":{"rendered":"","protected":false},"author":1,"featured_media":0,"parent":0,"menu_order":1000,"comment_status":"closed","ping_status":"closed","template":"","meta":{"footnotes":""},"class_list":["post-3","page","type-page","status-publish","hentry"],"_links":{"self":[{"href":"https:\/\/baorent.cat\/ca\/wp-json\/wp\/v2\/pages\/3","targetHints":{"allow":["GET"]}}],"collection":[{"href":"https:\/\/baorent.cat\/ca\/wp-json\/wp\/v2\/pages"}],"about":[{"href":"https:\/\/baorent.cat\/ca\/wp-json\/wp\/v2\/types\/page"}],"author":[{"embeddable":true,"href":"https:\/\/baorent.cat\/ca\/wp-json\/wp\/v2\/users\/1"}],"replies":[{"embeddable":true,"href":"https:\/\/baorent.cat\/ca\/wp-json\/wp\/v2\/comments?post=3"}],"version-history":[{"count":5,"href":"https:\/\/baorent.cat\/ca\/wp-json\/wp\/v2\/pages\/3\/revisions"}],"predecessor-version":[{"id":2071,"href":"https:\/\/baorent.cat\/ca\/wp-json\/wp\/v2\/pages\/3\/revisions\/2071"}],"wp:attachment":[{"href":"https:\/\/baorent.cat\/ca\/wp-json\/wp\/v2\/media?parent=3"}],"curies":[{"name":"wp","href":"https:\/\/api.w.org\/{rel}","templated":true}]}}