{"id":1852,"date":"2023-11-29T08:06:13","date_gmt":"2023-11-29T08:06:13","guid":{"rendered":"https:\/\/baorent.cat\/politica-privacitat\/"},"modified":"2024-03-27T17:19:04","modified_gmt":"2024-03-27T17:19:04","slug":"politica-privacidad","status":"publish","type":"page","link":"https:\/\/baorent.cat\/es\/politica-privacidad\/","title":{"rendered":"Pol\u00edtica de Privacidad"},"content":{"rendered":"<div class=\"fusion-fullwidth fullwidth-box fusion-builder-row-1 fusion-flex-container has-pattern-background has-mask-background nonhundred-percent-fullwidth non-hundred-percent-height-scrolling\" style=\"--awb-border-radius-top-left:0px;--awb-border-radius-top-right:0px;--awb-border-radius-bottom-right:0px;--awb-border-radius-bottom-left:0px;--awb-background-color:var(--awb-color1);--awb-background-image:linear-gradient(180deg, var(--awb-color1) 0%,var(--awb-color1) 100%);--awb-flex-wrap:wrap;\" ><div class=\"fusion-builder-row fusion-row fusion-flex-align-items-center fusion-flex-content-wrap\" style=\"max-width:1216.8px;margin-left: calc(-4% \/ 2 );margin-right: calc(-4% \/ 2 );\"><div class=\"fusion-layout-column fusion_builder_column fusion-builder-column-0 fusion_builder_column_1_1 1_1 fusion-flex-column\" style=\"--awb-bg-size:cover;--awb-width-large:100%;--awb-margin-top-large:0px;--awb-spacing-right-large:1.92%;--awb-margin-bottom-large:0px;--awb-spacing-left-large:1.92%;--awb-width-medium:100%;--awb-order-medium:0;--awb-spacing-right-medium:1.92%;--awb-spacing-left-medium:1.92%;--awb-width-small:100%;--awb-order-small:0;--awb-spacing-right-small:1.92%;--awb-spacing-left-small:1.92%;\"><div class=\"fusion-column-wrapper fusion-column-has-shadow fusion-flex-justify-content-flex-start fusion-content-layout-column\"><div class=\"fusion-title title fusion-title-1 fusion-sep-none fusion-title-text fusion-title-size-three\"><h3 class=\"fusion-title-heading title-heading-left fusion-responsive-typography-calculated\" style=\"margin:0;text-transform:capitalize;--fontSize:42;line-height:var(--awb-typography1-line-height);\"><strong>POL\u00cdTICA DE PRIVACIDAD<\/strong><\/h3><\/div><div class=\"fusion-separator fusion-full-width-sep\" style=\"align-self: center;margin-left: auto;margin-right: auto;margin-top:22px;width:100%;\"><\/div><\/div><\/div><div class=\"fusion-layout-column fusion_builder_column fusion-builder-column-1 fusion_builder_column_1_1 1_1 fusion-flex-column\" style=\"--awb-bg-blend:overlay;--awb-bg-size:cover;--awb-width-large:100%;--awb-margin-top-large:0px;--awb-spacing-right-large:1.92%;--awb-margin-bottom-large:0px;--awb-spacing-left-large:1.92%;--awb-width-medium:100%;--awb-spacing-right-medium:1.92%;--awb-spacing-left-medium:1.92%;--awb-width-small:100%;--awb-spacing-right-small:1.92%;--awb-spacing-left-small:1.92%;\"><div class=\"fusion-column-wrapper fusion-flex-justify-content-flex-start fusion-content-layout-column\"><div class=\"fusion-text fusion-text-1\"><p><span style=\"color: #000000;\"><strong>AVISO LEGAL BAOWATT SCCL<\/strong><\/span><\/p>\n<p><span style=\"color: #000000; font-family: var(--awb-text-font-family); font-size: var(--awb-font-size); font-style: var(--awb-text-font-style); letter-spacing: var(--awb-letter-spacing); text-align: var(--awb-content-alignment); text-transform: var(--awb-text-transform); background-color: var(--awb-bg-color);\"><span style=\"font-size: 16px;\" data-fusion-font=\"true\"><b>\u00a0<\/b><\/span><\/span><\/p>\n<p><span style=\"color: #000000;\"><strong>1.1. Titularidad e identificaci\u00f3n<\/strong><\/span><\/p>\n<div class=\"w-full text-token-text-primary\" data-testid=\"conversation-turn-3\">\n<div class=\"px-4 py-2 justify-center text-base md:gap-6 m-auto\">\n<div class=\"flex flex-1 text-base mx-auto gap-3 md:px-5 lg:px-1 xl:px-5 md:max-w-3xl lg:max-w-&#091;40rem&#093; xl:max-w-&#091;48rem&#093; group final-completion\">\n<div class=\"relative flex w-full flex-col agent-turn\">\n<div class=\"flex-col gap-1 md:gap-3\">\n<div class=\"flex flex-grow flex-col max-w-full\">\n<div class=\"min-h-&#091;20px&#093; text-message flex flex-col items-start gap-3 whitespace-pre-wrap break-words &#091;.text-message+&amp;&#093;:mt-5 overflow-x-auto\" data-message-author-role=\"assistant\" data-message-id=\"b7e1e05b-d183-4917-aafd-69ebfb59e90f\">\n<div class=\"markdown prose w-full break-words dark:prose-invert light\">\n<p><span style=\"color: #000000;\">En cumplimiento de lo establecido en el art\u00edculo 10 de la Ley 34\/2002, de 11 de julio, de servicios de la sociedad de la informaci\u00f3n y de comercio electr\u00f3nico, se hace constar que BAOWATT SCCL tiene su domicilio social y fiscal en C\/Castell de Solterra, 4b, 2n2a, con el siguiente F02995165 inscrito en el registro mercantil CNAE 9004.<\/span><\/p>\n<p><span style=\"color: #000000;\">Baowatt SCCL es titular del dominio\/s de internet baowatt.cat, as\u00ed como de los subdominios o portales dependientes de este.<\/span><\/p>\n<p><span style=\"color: #000000;\">La direcci\u00f3n general de correo electr\u00f3nico de contacto es <a style=\"color: #000000;\" target=\"_new\" rel=\"noopener\">INFO@BAOWATT.CAT<\/a><\/span><\/p>\n<p><strong><span style=\"color: #000000;\">1.2. Condiciones generales<\/span><\/strong><\/p>\n<p><span style=\"color: #000000;\">El uso del sitio web implica la expresa y plena aceptaci\u00f3n de las condiciones aqu\u00ed expuestas, sin perjuicio de aquellas particulares que pudieran aplicarse a algunos de los servicios concretos ofrecidos a trav\u00e9s del sitio web. BAOWATT SCCL se reserva el derecho de modificar en cualquier momento las presentes condiciones de uso as\u00ed como cualquier otras condiciones particulares.<\/span><\/p>\n<p><strong><span style=\"color: #000000;\">1.3. Derechos de propiedad intelectual e industrial<\/span><\/strong><\/p>\n<p><span style=\"color: #000000;\">BAOWATT SCCL es titular de todos los derechos de propiedad industrial e intelectual del material publicado en la\/las correspondiente\/s p\u00e1gina\/s web de los dominio\/s. Estos derechos protegen los dise\u00f1os gr\u00e1ficos, im\u00e1genes, c\u00f3digos fuente, contenidos y otros elementos. Todo ello, con excepci\u00f3n de los derechos que no son propiedad de BAOWATT SCCL y que pertenezcan a sus respectivos titulares.<\/span><\/p>\n<p><span style=\"color: #000000;\">Fuera de la simple actividad de descarga y almacenamiento en el disco duro de la persona (de ahora en adelante el\/los usuario\/s) que accede\/n a la informaci\u00f3n contenida en las p\u00e1ginas web del\/de los dominio\/s de BAOWATT SCCL, que se considera autorizada, est\u00e1 estrictamente prohibido modificar, distribuir, reutilizar o reenviar todo o parte del contenido de las p\u00e1ginas web del\/de los dominio\/s de BAOWATT SCCL para fines de car\u00e1cter p\u00fablico o comercial sin la autorizaci\u00f3n escrita de BAOWATT SCCL.<\/span><\/p>\n<p><span style=\"color: #000000;\">Las acciones que infrinjan las disposiciones anteriormente expresadas, pueden constituir una vulneraci\u00f3n de los derechos de propiedad intelectual e industrial protegidos en el Texto Refundido de la Ley de Propiedad Intelectual (TRLPI), dando lugar a los delitos tipificados en los art\u00edculos 270, siguientes y concordantes del vigente C\u00f3digo Penal.<\/span><\/p>\n<p><strong><span style=\"color: #000000;\">1.4. Documentos contenidos en las P\u00e1ginas Web<\/span><\/strong><\/p>\n<p><span style=\"color: #000000;\">Los documentos y gr\u00e1ficos anexos a los mismos que est\u00e9n situados en las p\u00e1ginas web del\/de los dominio\/s de BAOWATT SCCL podr\u00e1n ser modificados en cualquier momento, sin necesidad de comunicaci\u00f3n previa por parte de BAOWATT SCCL.<\/span><\/p>\n<p><span style=\"color: #000000;\">BAOWATT SCCL no garantiza la idoneidad del contenido de estos documentos y gr\u00e1ficos anexos, por lo que no responde cuando tenga lugar esta falta de idoneidad, en supuestos como errores de car\u00e1cter tipogr\u00e1fico, ni de la utilizaci\u00f3n que de estos documentos haga el usuario receptor, el cual asumir\u00e1 la totalidad del riesgo que pudieran derivarse del uso de estos. BAOWATT SCCL no ser\u00e1 responsable de los datos y perjuicios que pudieran derivarse de esta utilizaci\u00f3n.<\/span><\/p>\n<p><strong><span style=\"color: #000000;\">1.5. Enlaces con Sitios de Terceros<\/span><\/strong><\/p>\n<p><span style=\"color: #000000;\">BAOWATT SCCL proporciona al usuario el acceso a otros sitios web de terceros mediante enlaces con la finalidad exclusiva de informarlo sobre la existencia de otras fuentes de informaci\u00f3n en Internet con las cuales podr\u00e1 ampliar los datos que se le ofrecen en las p\u00e1ginas web del\/de los dominio\/s de BAOWATT SCCL. Estos enlaces a otros sitios web no suponen en ning\u00fan caso una sugerencia o recomendaci\u00f3n de visitar las p\u00e1ginas web de destino, que se encuentran fuera del control de BAOWATT SCCL, por lo que BAOWATT SCCL no ser\u00e1 responsable del contenido de los sitios web vinculados ni del resultado obtenido por el usuario a trav\u00e9s de estos enlaces. Asimismo, BAOWATT SCCL no responder\u00e1 de los enlaces o enlaces situados en los sitios vinculados a los cuales facilita el acceso.<\/span><\/p>\n<p><strong><span style=\"color: #000000;\">1.6. \u00c1reas de acceso restringido de las P\u00e1ginas Web<\/span><\/strong><\/p>\n<p><span style=\"color: #000000;\">Determinadas p\u00e1ginas web de los dominios de BAOWATT SCCL disponen de un apartado de acceso restringido a usuarios registrados. Las condiciones de uso, responsabilidades y otros aspectos que se derivan de la utilizaci\u00f3n de estas \u00e1reas son puestas en conocimiento de los usuarios en el momento de su registro.<\/span><\/p>\n<p><strong><span style=\"color: #000000;\">1.7. Limitaci\u00f3n de Responsabilidad<\/span><\/strong><\/p>\n<p><span style=\"color: #000000;\">En ning\u00fan caso BAOWATT SCCL, sus proveedores o los terceros reflejados en las p\u00e1ginas web del\/de los dominio\/s ser\u00e1n responsables por da\u00f1os de cualquier tipo (incluyendo, entre otros, los da\u00f1os resultantes de p\u00e9rdidas de beneficios, p\u00e9rdida de datos o interrupci\u00f3n de negocio) que resulten del uso, imposibilidad de uso o de los resultados del uso de las p\u00e1ginas web del\/de los dominio\/s, cualquier p\u00e1gina web conectada a estas o de los materiales o informaci\u00f3n contenida en cualquiera de estas p\u00e1ginas, ya se base esta responsabilidad en garant\u00eda, contrato, culpa o negligencia, o cualquier otra teor\u00eda legal, y con independencia de que se haya avisado o no sobre la posibilidad de tales da\u00f1os. Si la utilizaci\u00f3n por el usuario de los materiales o informaci\u00f3n de las p\u00e1ginas web del\/de los dominio\/s, comporta la necesidad de prestar un servicio, reparar o corregir el equipo o datos, este usuario ser\u00e1 responsable de tales costos.<\/span><\/p>\n<p><strong><span style=\"color: #000000;\">1.8. Ley Aplicable y Jurisdicci\u00f3n<\/span><\/strong><\/p>\n<p><span style=\"color: #000000;\">Para la resoluci\u00f3n de todas las controversias o cuestiones relacionadas con el presente sitio web o de las actividades en \u00e9l desarrolladas, ser\u00e1 aplicable la legislaci\u00f3n espa\u00f1ola, a la cual se someten expresamente las partes, siendo competentes para la resoluci\u00f3n de todos los conflictos derivados o relacionados con su uso los Juzgados y Tribunales que correspondan seg\u00fan la jurisdicci\u00f3n territorial determinada por la legislaci\u00f3n aplicable.<\/span><\/p>\n<\/div>\n<\/div>\n<\/div>\n<div class=\"mt-1 flex justify-start gap-3 empty:hidden\">\n<div class=\"text-gray-400 flex self-end lg:self-center items-center justify-center lg:justify-start mt-0 -ml-1 h-7 gap-&#091;2px&#093; visible\">\n<div class=\"flex items-center gap-1.5 text-xs\"><\/div>\n<div class=\"flex\"><\/div>\n<\/div>\n<\/div>\n<div class=\"pr-2 lg:pr-0\"><\/div>\n<\/div>\n<\/div>\n<\/div>\n<\/div>\n<\/div>\n<div class=\"mx-auto\">\n<div>\n<div class=\"mx-auto mt-2 inline-flex rounded-xl border border-gray-100 dark:border-gray-700\"><\/div>\n<\/div>\n<\/div>\n<\/div><\/div><\/div><\/div><\/div>\n","protected":false},"excerpt":{"rendered":"","protected":false},"author":1,"featured_media":0,"parent":0,"menu_order":1000,"comment_status":"closed","ping_status":"closed","template":"","meta":{"footnotes":""},"class_list":["post-1852","page","type-page","status-publish","hentry"],"_links":{"self":[{"href":"https:\/\/baorent.cat\/es\/wp-json\/wp\/v2\/pages\/1852","targetHints":{"allow":["GET"]}}],"collection":[{"href":"https:\/\/baorent.cat\/es\/wp-json\/wp\/v2\/pages"}],"about":[{"href":"https:\/\/baorent.cat\/es\/wp-json\/wp\/v2\/types\/page"}],"author":[{"embeddable":true,"href":"https:\/\/baorent.cat\/es\/wp-json\/wp\/v2\/users\/1"}],"replies":[{"embeddable":true,"href":"https:\/\/baorent.cat\/es\/wp-json\/wp\/v2\/comments?post=1852"}],"version-history":[{"count":6,"href":"https:\/\/baorent.cat\/es\/wp-json\/wp\/v2\/pages\/1852\/revisions"}],"predecessor-version":[{"id":1853,"href":"https:\/\/baorent.cat\/es\/wp-json\/wp\/v2\/pages\/1852\/revisions\/1853"}],"wp:attachment":[{"href":"https:\/\/baorent.cat\/es\/wp-json\/wp\/v2\/media?parent=1852"}],"curies":[{"name":"wp","href":"https:\/\/api.w.org\/{rel}","templated":true}]}}