{"id":1856,"date":"2024-03-08T12:40:41","date_gmt":"2024-03-08T12:40:41","guid":{"rendered":"https:\/\/baorent.cat\/politica-de-cookies\/"},"modified":"2024-03-27T17:19:10","modified_gmt":"2024-03-27T17:19:10","slug":"politica-de-cookies","status":"publish","type":"page","link":"https:\/\/baorent.cat\/es\/politica-de-cookies\/","title":{"rendered":"Pol\u00edtica de Cookies"},"content":{"rendered":"<div class=\"fusion-fullwidth fullwidth-box fusion-builder-row-1 fusion-flex-container has-pattern-background has-mask-background nonhundred-percent-fullwidth non-hundred-percent-height-scrolling\" style=\"--awb-border-radius-top-left:0px;--awb-border-radius-top-right:0px;--awb-border-radius-bottom-right:0px;--awb-border-radius-bottom-left:0px;--awb-background-color:var(--awb-color1);--awb-background-image:linear-gradient(180deg, var(--awb-color1) 0%,var(--awb-color1) 100%);--awb-flex-wrap:wrap;\" ><div class=\"fusion-builder-row fusion-row fusion-flex-align-items-flex-start fusion-flex-content-wrap\" style=\"max-width:1216.8px;margin-left: calc(-4% \/ 2 );margin-right: calc(-4% \/ 2 );\"><div class=\"fusion-layout-column fusion_builder_column fusion-builder-column-0 fusion_builder_column_1_1 1_1 fusion-flex-column\" style=\"--awb-bg-size:cover;--awb-width-large:100%;--awb-margin-top-large:0px;--awb-spacing-right-large:1.92%;--awb-margin-bottom-large:0px;--awb-spacing-left-large:1.92%;--awb-width-medium:100%;--awb-order-medium:0;--awb-spacing-right-medium:1.92%;--awb-spacing-left-medium:1.92%;--awb-width-small:100%;--awb-order-small:0;--awb-spacing-right-small:1.92%;--awb-spacing-left-small:1.92%;\"><div class=\"fusion-column-wrapper fusion-column-has-shadow fusion-flex-justify-content-flex-start fusion-content-layout-column\"><div class=\"fusion-title title fusion-title-1 fusion-sep-none fusion-title-text fusion-title-size-three\"><h3 class=\"fusion-title-heading title-heading-left fusion-responsive-typography-calculated\" style=\"margin:0;text-transform:capitalize;--fontSize:42;line-height:var(--awb-typography1-line-height);\"><strong>POL\u00cdTICA DE COOKIES<\/strong><\/h3><\/div><div class=\"fusion-separator fusion-full-width-sep\" style=\"align-self: center;margin-left: auto;margin-right: auto;margin-top:22px;width:100%;\"><\/div><\/div><\/div><div class=\"fusion-layout-column fusion_builder_column fusion-builder-column-1 fusion_builder_column_1_1 1_1 fusion-flex-column\" style=\"--awb-bg-blend:overlay;--awb-bg-size:cover;--awb-width-large:100%;--awb-margin-top-large:0px;--awb-spacing-right-large:1.92%;--awb-margin-bottom-large:0px;--awb-spacing-left-large:1.92%;--awb-width-medium:100%;--awb-spacing-right-medium:1.92%;--awb-spacing-left-medium:1.92%;--awb-width-small:100%;--awb-spacing-right-small:1.92%;--awb-spacing-left-small:1.92%;\"><div class=\"fusion-column-wrapper fusion-flex-justify-content-flex-start fusion-content-layout-column\"><div class=\"fusion-text fusion-text-1\"><p><span style=\"color: #000000;\"><strong>POL\u00cdTICA DE COOKIES DE BAOWATT SCCL<\/strong><\/span><\/p>\n<p><span style=\"color: #000000;\"><strong>1. \u00bfQu\u00e9 son las cookies?<\/strong><\/span><\/p>\n<p><span style=\"color: #000000;\">Una cookie es un archivo que se descarga en su equipo (por ejemplo, un ordenador, un tel\u00e9fono m\u00f3vil o una tableta) al acceder a determinadas p\u00e1ginas web. Las cookies permiten a una p\u00e1gina web, entre otras cosas, almacenar y recuperar informaci\u00f3n sobre los h\u00e1bitos de navegaci\u00f3n de un usuario o de su equipo y, dependiendo de la informaci\u00f3n que contengan y de la forma en que utilice su equipo, pueden utilizarse para reconocer al usuario.<\/span><\/p>\n<p><span style=\"color: #000000;\"><strong>2. \u00bfPor qu\u00e9 son importantes las cookies?<\/strong><\/span><\/p>\n<p><span style=\"color: #000000;\">Las cookies son \u00fatiles por diversos motivos. Desde un punto de vista t\u00e9cnico, permiten que las p\u00e1ginas web funcionen de forma m\u00e1s \u00e1gil y adaptada a sus preferencias, como por ejemplo almacenar su preferencia de idioma. Adem\u00e1s, ayudan a los responsables de los sitios web a mejorar los servicios que ofrecen, gracias a la informaci\u00f3n estad\u00edstica que recogen a trav\u00e9s de ellas.<\/span><\/p>\n<p><span style=\"color: #000000;\"><strong>3. Tipos de cookies que se pueden utilizar y clasificaci\u00f3n<\/strong><\/span><\/p>\n<ul>\n<li><span style=\"color: #000000;\"><strong>Cookies t\u00e9cnicas:<\/strong> Son aquellas que permiten al usuario la navegaci\u00f3n a trav\u00e9s de la p\u00e1gina web o aplicaci\u00f3n y la utilizaci\u00f3n de las diferentes opciones o servicios que en ella existen. Son imprescindibles para un uso normal de la p\u00e1gina. Por ejemplo, identificar la sesi\u00f3n, controlar el tr\u00e1fico y la comunicaci\u00f3n de datos, acceder a las partes web de acceso restringido, etc.<\/span><\/li>\n<li><span style=\"color: #000000;\"><strong>Cookies de personalizaci\u00f3n:<\/strong> Son aquellas que permiten al usuario acceder al servicio con algunas caracter\u00edsticas de car\u00e1cter general predefinidas en su terminal o que el propio usuario define. Por ejemplo, el idioma, el tipo de navegador a trav\u00e9s del cual accede al servicio, etc.<\/span><\/li>\n<li><span style=\"color: #000000;\"><strong>Cookies de an\u00e1lisis:<\/strong> Son aquellas que bien tratadas por nosotros o por terceros, permiten cuantificar el n\u00famero de usuarios y as\u00ed realizar la medici\u00f3n y an\u00e1lisis estad\u00edstico de la utilizaci\u00f3n que hacen los usuarios de la p\u00e1gina web. Para ello se analiza su navegaci\u00f3n por las secciones de la p\u00e1gina con la finalidad de mejorar sus contenidos de manera continua.<\/span><\/li>\n<li><span style=\"color: #000000;\"><strong>Cookies de sesi\u00f3n:<\/strong> Estas cookies permanecen activas \u00fanicamente durante el tiempo de uso por parte del usuario. No almacenan ning\u00fan dato en su navegador o disco duro. Es interesante desde el punto de vista del an\u00e1lisis de la navegaci\u00f3n y ofrecer mejor experiencia seg\u00fan se va estudiando el mercado.<\/span><\/li>\n<li><span style=\"color: #000000;\"><strong>Cookies permanentes:<\/strong> A diferencia de las anteriores, estas cookies s\u00ed se almacenan en el navegador y se activan cada vez que se realiza una nueva visita. Tienen una fecha de expiraci\u00f3n concreta y despu\u00e9s de sobrepasar esta fecha ya no sirven, a menos que volvamos a mostrar el aviso al usuario y lo vuelva a aceptar.<\/span><\/li>\n<li><span style=\"color: #000000;\"><strong>Cookies publicitarias:<\/strong> Estas cookies estudian el comportamiento de los usuarios para poder ofrecerles despu\u00e9s publicidad relacionada con lo que se supone interesa a su perfil.<\/span><\/li>\n<li><span style=\"color: #000000;\"><strong>Cookies propias:<\/strong> Son las cookies propias del editor del sitio web. Es decir las mismas que prestan el servicio al usuario de la web propia.<\/span><\/li>\n<li><span style=\"color: #000000;\"><strong>Cookies de terceros:<\/strong> Son las cookies que se instalan por otra entidad que no es el editor del sitio, sino por otra entidad que trata los datos a trav\u00e9s de las cookies. Por ejemplo Google Analytics.<\/span><\/li>\n<\/ul>\n<p><span style=\"color: #000000;\">La siguiente tabla muestra, de forma resumida, las cookies que utilizamos en nuestra p\u00e1gina web o en las aplicaciones para dispositivos m\u00f3viles:<\/span><\/p>\n<p><span style=\"color: #000000;\">Cookies de terceros (la informaci\u00f3n recogida a continuaci\u00f3n ha sido facilitada por estos terceros)<\/span><\/p>\n<p><span style=\"color: #000000;\"><strong>Cookies:<\/strong> Google Analytics<\/span><\/p>\n<p><span style=\"color: #000000;\"><strong>Informaci\u00f3n:<\/strong> Actividad en la web y tiempo de navegaci\u00f3n<\/span><\/p>\n<p><span style=\"color: #000000;\"><strong>Finalidad:\u00a0<\/strong>Estas cookies se utilizan para recoger informaci\u00f3n sobre el uso de nuestra p\u00e1gina web por parte de los visitantes. Utilizamos la informaci\u00f3n para elaborar informes y para mejorar el sitio. Las cookies recopilan informaci\u00f3n de manera an\u00f3nima, que incluye, entre otras, el n\u00famero de visitantes al sitio, el lugar de procedencia de los visitantes y las p\u00e1ginas visitadas.<\/span><\/p>\n<p><span style=\"color: #000000;\">Nosotros no utilizamos ning\u00fan tipo de cookies de publicidad.<\/span><\/p>\n<p><span style=\"color: #000000;\">Las cookies que utilizamos no almacenan ning\u00fan dato personal conforme a la legislaci\u00f3n en materia de protecci\u00f3n de datos vigente.<\/span><\/p>\n<p><span style=\"color: #000000;\"><strong>4. \u00bfC\u00f3mo desactivar o eliminar las cookies?<\/strong><\/span><\/p>\n<p><span style=\"color: #000000;\">Al navegar y continuar en nuestra p\u00e1gina web o en la instalaci\u00f3n de nuestras aplicaciones para dispositivos m\u00f3viles puede estar consintiendo el uso de las cookies en las condiciones contenidas en la presente Pol\u00edtica de Cookies.<\/span><\/p>\n<p><span style=\"color: #000000;\">Le informamos que, dado que las cookies no son necesarias para el uso de nuestra p\u00e1gina web, puede bloquearlas o deshabilitarlas activando la configuraci\u00f3n de su navegador, que le permite rechazar la instalaci\u00f3n de todas las cookies o de algunas de ellas.<\/span><\/p>\n<p><span style=\"color: #000000;\">En general bastar\u00e1 con abrir el navegador y elegir la opci\u00f3n de \u00abborrar datos de navegaci\u00f3n\u00bb en el men\u00fa correspondiente.<\/span><\/p>\n<p><span style=\"color: #000000;\">Tambi\u00e9n puede usted permitir, bloquear o eliminar las cookies instaladas en su equipo mediante la configuraci\u00f3n de las opciones del navegador instalado en su ordenador.<\/span><\/p>\n<ul>\n<li><span style=\"color: #000000;\">Para m\u00e1s informaci\u00f3n sobre el navegador Firefox haga clic aqu\u00ed.<\/span><\/li>\n<li><span style=\"color: #000000;\">Para m\u00e1s informaci\u00f3n sobre el navegador Chrome haga clic aqu\u00ed.<\/span><\/li>\n<li><span style=\"color: #000000;\">Para m\u00e1s informaci\u00f3n sobre el navegador Explorer haga clic aqu\u00ed.<\/span><\/li>\n<li><span style=\"color: #000000;\">Para m\u00e1s informaci\u00f3n sobre el navegador Safari desde aqu\u00ed.<\/span><\/li>\n<li><span style=\"color: #000000;\">Para m\u00e1s informaci\u00f3n sobre el navegador Opera desde aqu\u00ed.<\/span><\/li>\n<\/ul>\n<p><span style=\"color: #000000;\">Si desea informaci\u00f3n adicional sobre c\u00f3mo configurar las Cookies detallada por proveedor o administrar sus preferencias, visite el portal \u00abYour Online Choices\u00bb. Si desea m\u00e1s informaci\u00f3n sobre las cookies y su funcionamiento en general puede consultar la Gu\u00eda de Utilizaci\u00f3n de Cookies publicada por la Agencia Espa\u00f1ola de Protecci\u00f3n de Datos.<\/span><\/p>\n<p><span style=\"color: #000000;\"><strong>5. Actualizaciones de la Pol\u00edtica de Cookies<\/strong><\/span><\/p>\n<p><span style=\"color: #000000;\">BAOWATT SCCL modificar\u00e1 la presente pol\u00edtica en funci\u00f3n de exigencias legislativas, reglamentarias, o con la finalidad de adaptar esta pol\u00edtica a las instrucciones dictadas por la Agencia Espa\u00f1ola de Protecci\u00f3n de Datos, por ello se aconseja a los usuarios de la misma que la visiten peri\u00f3dicamente.<\/span><\/p>\n<\/div><div class=\"fusion-separator fusion-full-width-sep\" style=\"align-self: center;margin-left: auto;margin-right: auto;margin-top:22px;width:100%;\"><\/div><\/div><\/div><\/div><\/div>\n","protected":false},"excerpt":{"rendered":"","protected":false},"author":2,"featured_media":0,"parent":0,"menu_order":2000,"comment_status":"closed","ping_status":"closed","template":"","meta":{"footnotes":""},"class_list":["post-1856","page","type-page","status-publish","hentry"],"_links":{"self":[{"href":"https:\/\/baorent.cat\/es\/wp-json\/wp\/v2\/pages\/1856","targetHints":{"allow":["GET"]}}],"collection":[{"href":"https:\/\/baorent.cat\/es\/wp-json\/wp\/v2\/pages"}],"about":[{"href":"https:\/\/baorent.cat\/es\/wp-json\/wp\/v2\/types\/page"}],"author":[{"embeddable":true,"href":"https:\/\/baorent.cat\/es\/wp-json\/wp\/v2\/users\/2"}],"replies":[{"embeddable":true,"href":"https:\/\/baorent.cat\/es\/wp-json\/wp\/v2\/comments?post=1856"}],"version-history":[{"count":5,"href":"https:\/\/baorent.cat\/es\/wp-json\/wp\/v2\/pages\/1856\/revisions"}],"predecessor-version":[{"id":2075,"href":"https:\/\/baorent.cat\/es\/wp-json\/wp\/v2\/pages\/1856\/revisions\/2075"}],"wp:attachment":[{"href":"https:\/\/baorent.cat\/es\/wp-json\/wp\/v2\/media?parent=1856"}],"curies":[{"name":"wp","href":"https:\/\/api.w.org\/{rel}","templated":true}]}}