{"id":2173,"date":"2023-11-29T08:06:13","date_gmt":"2023-11-29T08:06:13","guid":{"rendered":"https:\/\/baorent.cat\/politica-privacitat\/"},"modified":"2025-05-29T18:02:17","modified_gmt":"2025-05-29T18:02:17","slug":"politique-de-confidentialite","status":"publish","type":"page","link":"https:\/\/baorent.cat\/fr\/politique-de-confidentialite\/","title":{"rendered":"Politique de confidentialit\u00e9"},"content":{"rendered":"<div class=\"fusion-fullwidth fullwidth-box fusion-builder-row-1 fusion-flex-container has-pattern-background has-mask-background nonhundred-percent-fullwidth non-hundred-percent-height-scrolling\" style=\"--awb-border-radius-top-left:0px;--awb-border-radius-top-right:0px;--awb-border-radius-bottom-right:0px;--awb-border-radius-bottom-left:0px;--awb-background-color:var(--awb-color1);--awb-background-image:linear-gradient(180deg, var(--awb-color1) 0%,var(--awb-color1) 100%);--awb-flex-wrap:wrap;\" ><div class=\"fusion-builder-row fusion-row fusion-flex-align-items-flex-start fusion-flex-content-wrap\" style=\"max-width:1216.8px;margin-left: calc(-4% \/ 2 );margin-right: calc(-4% \/ 2 );\"><div class=\"fusion-layout-column fusion_builder_column fusion-builder-column-0 fusion_builder_column_1_1 1_1 fusion-flex-column\" style=\"--awb-bg-size:cover;--awb-width-large:100%;--awb-margin-top-large:0px;--awb-spacing-right-large:1.92%;--awb-margin-bottom-large:0px;--awb-spacing-left-large:1.92%;--awb-width-medium:100%;--awb-order-medium:0;--awb-spacing-right-medium:1.92%;--awb-spacing-left-medium:1.92%;--awb-width-small:100%;--awb-order-small:0;--awb-spacing-right-small:1.92%;--awb-spacing-left-small:1.92%;\"><div class=\"fusion-column-wrapper fusion-column-has-shadow fusion-flex-justify-content-flex-start fusion-content-layout-column\"><div class=\"fusion-title title fusion-title-1 fusion-sep-none fusion-title-text fusion-title-size-three\"><h3 class=\"fusion-title-heading title-heading-left fusion-responsive-typography-calculated\" style=\"margin:0;text-transform:capitalize;--fontSize:42;line-height:var(--awb-typography1-line-height);\"><strong>POLITIQUE DE CONFIDENTIALIT\u00c9<\/strong><\/h3><\/div><div class=\"fusion-separator fusion-full-width-sep\" style=\"align-self: center;margin-left: auto;margin-right: auto;margin-top:22px;width:100%;\"><\/div><\/div><\/div><div class=\"fusion-layout-column fusion_builder_column fusion-builder-column-1 fusion_builder_column_1_1 1_1 fusion-flex-column\" style=\"--awb-bg-blend:overlay;--awb-bg-size:cover;--awb-width-large:100%;--awb-margin-top-large:0px;--awb-spacing-right-large:1.92%;--awb-margin-bottom-large:0px;--awb-spacing-left-large:1.92%;--awb-width-medium:100%;--awb-spacing-right-medium:1.92%;--awb-spacing-left-medium:1.92%;--awb-width-small:100%;--awb-spacing-right-small:1.92%;--awb-spacing-left-small:1.92%;\"><div class=\"fusion-column-wrapper fusion-flex-justify-content-flex-start fusion-content-layout-column\"><div class=\"fusion-text fusion-text-1\"><p class=\"p1\"><span style=\"color: var(--awb-text-color); font-family: var(--awb-text-font-family); font-size: var(--awb-font-size); font-style: var(--awb-text-font-style); letter-spacing: var(--awb-letter-spacing); text-align: var(--awb-content-alignment); text-transform: var(--awb-text-transform); background-color: var(--awb-bg-color);\"><span style=\"color: #222222; font-size: 16px;\" data-fusion-font=\"true\"><b>AVIS LEGAL BAOWATT SCCL<\/b><\/span><\/span><\/p>\n<p class=\"p1\"><span style=\"color: var(--awb-text-color); font-family: var(--awb-text-font-family); font-size: var(--awb-font-size); font-style: var(--awb-text-font-style); letter-spacing: var(--awb-letter-spacing); text-align: var(--awb-content-alignment); text-transform: var(--awb-text-transform); background-color: var(--awb-bg-color);\"><span style=\"color: #222222; font-size: 16px;\" data-fusion-font=\"true\"><b>\u00a0<\/b><\/span><\/span><\/p>\n<p class=\"p1\"><span style=\"font-size: 14px; color: #222222;\" data-fusion-font=\"true\"><b><u>1.1. Propri\u00e9t\u00e9 et identification<\/u><\/b><\/span><\/p>\n<p>Conform\u00e9ment aux dispositions de l&rsquo;article 10 de la loi 34\/2002, du 11 juillet, sur les services de la soci\u00e9t\u00e9, l&rsquo;information et le commerce \u00e9lectronique, il est d\u00e9clar\u00e9 que BAOWATT SCCL a son si\u00e8ge social et son si\u00e8ge fiscal \u00e0 C\/Castell de Solterra, 4b, 2n2a avec le num\u00e9ro F02995165 inscrit au registre du commerce CNAE 9004.<\/p>\n<p>Baowatt SCCL est propri\u00e9taire du\/des domaine(s) Internet baowatt.cat, ainsi que des sous-domaines ou portails qui en d\u00e9pendent.<\/p>\n<p>L&rsquo;adresse e-mail de contact g\u00e9n\u00e9ral est INFO@BAOWATT.CAT<\/p>\n<p class=\"p1\"><span style=\"font-size: 14px; color: #222222;\" data-fusion-font=\"true\"><b><u>1.2. Conditions g\u00e9n\u00e9rales<\/u><\/b><\/span><\/p>\n<p>L&rsquo;utilisation du site Web implique l&rsquo;acceptation explicite et compl\u00e8te des conditions ici \u00e9nonc\u00e9es, sans pr\u00e9judice de celles particuli\u00e8res qui peuvent s&rsquo;appliquer \u00e0 certains des services sp\u00e9cifiques offerts via le site Web. BAOWATT SCCL se r\u00e9serve le droit de modifier \u00e0 tout moment les pr\u00e9sentes conditions d&rsquo;utilisation ainsi que toutes autres conditions particuli\u00e8res.<\/p>\n<p class=\"p1\"><span style=\"font-size: 14px; color: #222222;\" data-fusion-font=\"true\"><u><b>1.3. Droits de la propri\u00e9t\u00e9 intellectuelle et industrielle<\/b><\/u><\/span><\/p>\n<p>BAOWATT SCCL est propri\u00e9taire de tous les droits de propri\u00e9t\u00e9 intellectuelle et industrielle du contenu publi\u00e9 sur la ou les pages Web correspondantes du\/des domaine(s). Ces droits prot\u00e8gent les conceptions graphiques, les images, les codes sources, le contenu et d\u2019autres \u00e9l\u00e9ments. Tout cela, \u00e0 l\u2019exception des droits qui ne sont pas la propri\u00e9t\u00e9 de BAOWATT SCCL et qui appartiennent \u00e0 leurs propri\u00e9taires respectifs.<\/p>\n<p>Outre la simple activit\u00e9 de t\u00e9l\u00e9chargement et de stockage sur le disque dur de la personne (ci-apr\u00e8s l&rsquo;utilisateur(s)) qui acc\u00e8de aux informations contenues dans les pages Web du\/des domaine(s) BAOWATT SCCL, actions consid\u00e9r\u00e9es comme autoris\u00e9es, il est strictement interdit de modifier, distribuer, r\u00e9utiliser ou transmettre tout ou une partie du contenu des pages Web du\/des domaine(s) BAOWATT SCCL \u00e0 des fins publiques ou commerciales sans l&rsquo;autorisation \u00e9crite de BAOWATT SCCL.<\/p>\n<p>Les actions qui enfreignent les dispositions pr\u00e9c\u00e9demment exprim\u00e9es peuvent constituer une violation des droits de propri\u00e9t\u00e9 intellectuelle et industrielle prot\u00e9g\u00e9s dans le Texte R\u00e9vis\u00e9 de la Loi sur la Propri\u00e9t\u00e9 Intellectuelle (TRLPI), donnant lieu aux d\u00e9lits typifi\u00e9s dans les articles 270, suivants et correspondants du Code P\u00e9nal en vigueur.<\/p>\n<p class=\"p1\"><span style=\"font-size: 14px; color: #222222;\" data-fusion-font=\"true\"><b><u>1.4. Documents contenus sur les pages Web<\/u><\/b><\/span><\/p>\n<p>Les documents et graphiques qui leur sont attach\u00e9s et qui se trouvent sur les pages Web du\/des domaine(s) BAOWATT SCCL peuvent \u00eatre modifi\u00e9s \u00e0 tout moment, sans qu&rsquo;une communication pr\u00e9alable de BAOWATT SCCL soit n\u00e9cessaire.<\/p>\n<p>BAOWATT SCCL ne garantit pas l&rsquo;ad\u00e9quation du contenu de ces documents et des graphiques joints, par cons\u00e9quent, l&rsquo;entreprise n&rsquo;est pas responsable lorsque ce manque d&rsquo;ad\u00e9quation se produit &#8211; dans des cas tels que des erreurs typographiques -, ni de l&rsquo;utilisation que l&rsquo;utilisateur destinataire fait de ces documents, qui assumera tous les risques pouvant d\u00e9couler de leur utilisation. BAOWATT SCCL ne sera pas responsable des donn\u00e9es et des dommages pouvant d\u00e9couler de cette utilisation.<\/p>\n<p class=\"p4\" style=\"font-size: 14px; color: #222222;\" data-fusion-font=\"true\"><u style=\"font-family: var(--awb-text-font-family); font-style: var(--awb-text-font-style); font-weight: var(--awb-text-font-weight); letter-spacing: var(--awb-letter-spacing); text-align: var(--awb-content-alignment); text-transform: var(--awb-text-transform); background-color: var(--awb-bg-color-hover);\"><b>1.5. Liens vers des sites tiers<\/b><\/u><\/p>\n<p class=\"p7\">BAOWATT SCCL fournit \u00e0 l&rsquo;utilisateur l&rsquo;acc\u00e8s \u00e0 d&rsquo;autres sites Web tiers via des liens dans le but exclusif de l&rsquo;informer de l&rsquo;existence d&rsquo;autres sources d&rsquo;information sur Internet avec lesquelles il peut \u00e9largir les donn\u00e9es propos\u00e9es sur les pages Web du ou des domaines BAOWATT SCCL. Ces liens vers d&rsquo;autres sites Web ne constituent en aucun cas une suggestion ou une recommandation de visiter les pages Web de destination, qui sont hors du contr\u00f4le de BAOWATT SCCL, donc BAOWATT SCCL ne sera pas responsable du contenu des sites Web li\u00e9s ou du r\u00e9sultat obtenu par l&rsquo;utilisateur via ces liens. De m\u00eame, BAOWATT SCCL ne sera pas responsable des liens ou des liens situ\u00e9s sur les sites li\u00e9s auxquels l&rsquo;entreprise facilite l&rsquo;acc\u00e8s.<\/p>\n<p class=\"p7\"><b style=\"color: #222222; font-size: 14px; font-family: var(--awb-text-font-family); font-style: var(--awb-text-font-style); letter-spacing: var(--awb-letter-spacing); text-align: var(--awb-content-alignment); text-transform: var(--awb-text-transform); background-color: var(--awb-bg-color-hover);\"><u>1.6. Zones d&rsquo;acc\u00e8s restreint des sites Web<\/u><\/b><\/p>\n<p>Certaines pages Web des domaines BAOWATT SCCL disposent d&rsquo;une section dont l&rsquo;acc\u00e8s est r\u00e9serv\u00e9 aux utilisateurs enregistr\u00e9s. Les conditions d&rsquo;utilisation, les responsabilit\u00e9s et les autres aspects d\u00e9coulant de l&rsquo;utilisation de ces espaces sont port\u00e9s \u00e0 la connaissance des utilisateurs au moment de leur inscription.<\/p>\n<p class=\"p1\"><span style=\"font-size: 14px; color: #222222;\" data-fusion-font=\"true\"><b><u>1.7. Limitaci\u00f3 de Responsabilitat<\/u><\/b><\/span><\/p>\n<p>En aucun cas BAOWATT SCCL, ses fournisseurs ou les tiers refl\u00e9t\u00e9s dans les pages Web du ou des domaines ne seront responsables des dommages de quelque nature que ce soit (y compris, entre autres, les dommages r\u00e9sultant d&rsquo;une perte de profits, d&rsquo;une perte de donn\u00e9es ou d&rsquo;une interruption d&rsquo;activit\u00e9) r\u00e9sultant de l&rsquo;utilisation, de l&rsquo;impossibilit\u00e9 d&rsquo;utiliser ou des r\u00e9sultats de l&rsquo;utilisation des pages Web du ou des domaines, de toute page Web qui leur est connect\u00e9e ou des mat\u00e9riaux ou informations contenus dans l&rsquo;une de ces pages, que cette responsabilit\u00e9 soit fond\u00e9e sur une garantie, un contrat, une faute ou une n\u00e9gligence, ou toute autre th\u00e9orie juridique, et ind\u00e9pendamment du fait que ces dommages aient \u00e9t\u00e9 ou non inform\u00e9s de la possibilit\u00e9 de tels dommages. Si l&rsquo;utilisation par l&rsquo;utilisateur des mat\u00e9riaux ou des informations sur les pages Web du ou des domaines entra\u00eene la n\u00e9cessit\u00e9 de fournir un service, une r\u00e9paration ou une correction d&rsquo;\u00e9quipement ou de donn\u00e9es, cet utilisateur sera responsable de ces co\u00fbts.<\/p>\n<p class=\"p1\"><span style=\"font-size: 14px; color: #222222;\" data-fusion-font=\"true\"><b><u>1.8. Loi applicable et juridiction<\/u><\/b><\/span><\/p>\n<p class=\"p8\" style=\"font-size: 14px; color: #222222;\" data-fusion-font=\"true\">Pour la r\u00e9solution de tous les litiges ou probl\u00e8mes li\u00e9s \u00e0 ce site Web ou aux activit\u00e9s qui y sont r\u00e9alis\u00e9es, la l\u00e9gislation espagnole sera applicable, \u00e0 laquelle les parties se soumettront express\u00e9ment, les cours et tribunaux correspondants selon la juridiction territoriale d\u00e9termin\u00e9e par la l\u00e9gislation applicable \u00e9tant comp\u00e9tents pour la r\u00e9solution de tous les conflits d\u00e9coulant de ou li\u00e9s \u00e0 son utilisation.<\/p>\n<\/div><\/div><\/div><\/div><\/div>\n","protected":false},"excerpt":{"rendered":"","protected":false},"author":1,"featured_media":0,"parent":0,"menu_order":1000,"comment_status":"closed","ping_status":"closed","template":"","meta":{"footnotes":""},"class_list":["post-2173","page","type-page","status-publish","hentry"],"_links":{"self":[{"href":"https:\/\/baorent.cat\/fr\/wp-json\/wp\/v2\/pages\/2173","targetHints":{"allow":["GET"]}}],"collection":[{"href":"https:\/\/baorent.cat\/fr\/wp-json\/wp\/v2\/pages"}],"about":[{"href":"https:\/\/baorent.cat\/fr\/wp-json\/wp\/v2\/types\/page"}],"author":[{"embeddable":true,"href":"https:\/\/baorent.cat\/fr\/wp-json\/wp\/v2\/users\/1"}],"replies":[{"embeddable":true,"href":"https:\/\/baorent.cat\/fr\/wp-json\/wp\/v2\/comments?post=2173"}],"version-history":[{"count":3,"href":"https:\/\/baorent.cat\/fr\/wp-json\/wp\/v2\/pages\/2173\/revisions"}],"predecessor-version":[{"id":2252,"href":"https:\/\/baorent.cat\/fr\/wp-json\/wp\/v2\/pages\/2173\/revisions\/2252"}],"wp:attachment":[{"href":"https:\/\/baorent.cat\/fr\/wp-json\/wp\/v2\/media?parent=2173"}],"curies":[{"name":"wp","href":"https:\/\/api.w.org\/{rel}","templated":true}]}}