{"id":2175,"date":"2024-03-08T12:40:41","date_gmt":"2024-03-08T12:40:41","guid":{"rendered":"https:\/\/baorent.cat\/politica-de-cookies\/"},"modified":"2025-05-29T18:32:10","modified_gmt":"2025-05-29T18:32:10","slug":"politique-de-cookies","status":"publish","type":"page","link":"https:\/\/baorent.cat\/fr\/politique-de-cookies\/","title":{"rendered":"Politique de cookies"},"content":{"rendered":"<div class=\"fusion-fullwidth fullwidth-box fusion-builder-row-1 fusion-flex-container nonhundred-percent-fullwidth non-hundred-percent-height-scrolling\" style=\"--awb-border-radius-top-left:0px;--awb-border-radius-top-right:0px;--awb-border-radius-bottom-right:0px;--awb-border-radius-bottom-left:0px;--awb-background-color:var(--awb-color1);--awb-background-image:linear-gradient(180deg, var(--awb-color1) 0%,var(--awb-color1) 100%);--awb-flex-wrap:wrap;\" ><div class=\"fusion-builder-row fusion-row fusion-flex-align-items-flex-start fusion-flex-content-wrap\" style=\"max-width:1216.8px;margin-left: calc(-4% \/ 2 );margin-right: calc(-4% \/ 2 );\"><div class=\"fusion-layout-column fusion_builder_column fusion-builder-column-0 fusion_builder_column_1_1 1_1 fusion-flex-column\" style=\"--awb-bg-size:cover;--awb-width-large:100%;--awb-margin-top-large:0px;--awb-spacing-right-large:1.92%;--awb-margin-bottom-large:0px;--awb-spacing-left-large:1.92%;--awb-width-medium:100%;--awb-order-medium:0;--awb-spacing-right-medium:1.92%;--awb-spacing-left-medium:1.92%;--awb-width-small:100%;--awb-order-small:0;--awb-spacing-right-small:1.92%;--awb-spacing-left-small:1.92%;\"><div class=\"fusion-column-wrapper fusion-column-has-shadow fusion-flex-justify-content-flex-start fusion-content-layout-column\"><div class=\"fusion-title title fusion-title-1 fusion-sep-none fusion-title-text fusion-title-size-three\"><h3 class=\"fusion-title-heading title-heading-left fusion-responsive-typography-calculated\" style=\"margin:0;text-transform:capitalize;--fontSize:42;line-height:var(--awb-typography1-line-height);\"><strong>POLITIQUE DE COOKIES<\/strong><\/h3><\/div><div class=\"fusion-separator fusion-full-width-sep\" style=\"align-self: center;margin-left: auto;margin-right: auto;margin-top:22px;width:100%;\"><\/div><\/div><\/div><div class=\"fusion-layout-column fusion_builder_column fusion-builder-column-1 fusion_builder_column_1_1 1_1 fusion-flex-column\" style=\"--awb-bg-blend:overlay;--awb-bg-size:cover;--awb-width-large:100%;--awb-margin-top-large:0px;--awb-spacing-right-large:1.92%;--awb-margin-bottom-large:0px;--awb-spacing-left-large:1.92%;--awb-width-medium:100%;--awb-spacing-right-medium:1.92%;--awb-spacing-left-medium:1.92%;--awb-width-small:100%;--awb-spacing-right-small:1.92%;--awb-spacing-left-small:1.92%;\"><div class=\"fusion-column-wrapper fusion-flex-justify-content-flex-start fusion-content-layout-column\"><div class=\"fusion-text fusion-text-1\"><p><b style=\"color: var(--awb-color8); font-size: 16px;\" data-fusion-font=\"true\">POLITIQUE DE COOKIES DE BAOWATT SCCL<\/b><\/p>\n<p><b style=\"color: var(--awb-color8); font-size: 16px;\" data-fusion-font=\"true\">\u00a0<\/b><\/p>\n<p><strong style=\"color: var(--awb-color8); font-size: 16px;\" data-fusion-font=\"true\"><u>1. Que sont les cookies?<\/u><\/strong><\/p>\n<p class=\"p2\" style=\"color: var(--awb-color8); font-size: 16px;\" data-fusion-font=\"true\">Un cookie est un fichier qui est t\u00e9l\u00e9charg\u00e9 sur votre appareil (par exemple, un ordinateur, un t\u00e9l\u00e9phone portable ou une tablette) lorsque vous acc\u00e9dez \u00e0 certaines pages Web. Les cookies permettent \u00e0 une page Web, entre autres, de stocker et de r\u00e9cup\u00e9rer des informations sur les habitudes de navigation d&rsquo;un utilisateur ou de son ordinateur et, en fonction des informations qu&rsquo;ils contiennent et de la mani\u00e8re dont il utilise son ordinateur, ils peuvent \u00eatre utilis\u00e9s pour reconna\u00eetre l&rsquo;utilisateur.<\/p>\n<p class=\"p4\"><strong style=\"color: var(--awb-color8); font-size: 16px;\" data-fusion-font=\"true\"><u>2. Pourquoi les cookies sont-ils importants?<\/u><\/strong><\/p>\n<p class=\"p2\" style=\"color: var(--awb-color8); font-size: 16px;\" data-fusion-font=\"true\">Les cookies sont utiles pour plusieurs raisons. D&rsquo;un point de vue technique, ils permettent aux pages Web de fonctionner plus rapidement et de s&rsquo;adapter \u00e0 vos pr\u00e9f\u00e9rences, comme l&rsquo;enregistrement de votre pr\u00e9f\u00e9rence linguistique. De plus, ils aident les gestionnaires de sites Web \u00e0 am\u00e9liorer les services qu&rsquo;ils proposent, gr\u00e2ce aux informations statistiques qu&rsquo;ils collectent par leur interm\u00e9diaire.<\/p>\n<p class=\"p4\"><strong style=\"color: var(--awb-color8); font-size: 16px;\" data-fusion-font=\"true\"><u>3. Types de cookies et classification<\/u><\/strong><\/p>\n<ul class=\"ul1\">\n<li class=\"li2\"><b style=\"color: var(--awb-color8); font-size: 16px;\" data-fusion-font=\"true\">Cookies techniques: <\/b><span style=\"color: var(--awb-color8); font-size: 16px;\" data-fusion-font=\"true\">Ce sont ceux qui permettent \u00e0 l&rsquo;utilisateur de naviguer sur le site Web ou sur l&rsquo;application et d&rsquo;utiliser les diff\u00e9rentes options ou services qui y existent. Ils sont indispensables \u00e0 l&rsquo;utilisation normale de la page. Par exemple, identifier la session, contr\u00f4ler le trafic de donn\u00e9es et la communication, acc\u00e9der aux contenus web \u00e0 acc\u00e8s restreint, etc.<\/span><\/li>\n<li class=\"li2\"><b style=\"color: var(--awb-color8); font-size: 16px;\" data-fusion-font=\"true\">Cookies de personnalisation:<\/b><span style=\"color: var(--awb-color8); font-size: 16px;\" data-fusion-font=\"true\"> Ce sont ceux qui permettent \u00e0 l&rsquo;utilisateur d&rsquo;acc\u00e9der au service avec certaines caract\u00e9ristiques g\u00e9n\u00e9rales pr\u00e9d\u00e9finies dans son terminal ou que l&rsquo;utilisateur d\u00e9finit lui-m\u00eame. Par exemple, la langue, le type de navigateur via lequel vous acc\u00e9dez au service, etc.<\/span><\/li>\n<li class=\"li2\"><b style=\"color: var(--awb-color8); font-size: 16px;\" data-fusion-font=\"true\">Cookies d&rsquo;analyse:<\/b><span style=\"color: var(--awb-color8); font-size: 16px;\" data-fusion-font=\"true\"> Ce sont ceux qui, lorsqu&rsquo;ils sont correctement trait\u00e9s par nous ou par des tiers, permettent de quantifier le nombre d&rsquo;utilisateurs et ainsi de r\u00e9aliser la mesure et l&rsquo;analyse statistique de l&rsquo;utilisation faite par les utilisateurs du site Web. Pour ce faire, votre navigation \u00e0 travers les sections de la page est analys\u00e9e afin d&rsquo;am\u00e9liorer continuellement son contenu.<\/span><\/li>\n<li class=\"li2\"><b style=\"color: var(--awb-color8); font-size: 16px;\" data-fusion-font=\"true\">Cookies de session:<\/b><span style=\"color: var(--awb-color8); font-size: 16px;\" data-fusion-font=\"true\"> Ces cookies restent actifs uniquement pendant la dur\u00e9e d&rsquo;utilisation par l&rsquo;utilisateur. Ils ne stockent aucune donn\u00e9e dans votre navigateur ou sur votre disque dur. C&rsquo;est int\u00e9ressant du point de vue de l&rsquo;analyse de la navigation et de l&rsquo;offre d&rsquo;une meilleure exp\u00e9rience \u00e0 mesure que le march\u00e9 est \u00e9tudi\u00e9.<\/span><\/li>\n<li class=\"li2\"><b style=\"color: var(--awb-color8); font-size: 16px;\" data-fusion-font=\"true\">Cookies permanents:<\/b><span style=\"color: var(--awb-color8); font-size: 16px;\" data-fusion-font=\"true\"> Contrairement aux pr\u00e9c\u00e9dents, ces cookies sont stock\u00e9s dans le navigateur et sont activ\u00e9s \u00e0 chaque nouvelle visite. Ils ont une date d&rsquo;expiration sp\u00e9cifique et apr\u00e8s cette date, ils ne sont plus utiles, \u00e0 moins que nous ne montrions \u00e0 nouveau l&rsquo;avertissement \u00e0 l&rsquo;utilisateur et qu&rsquo;il l&rsquo;accepte \u00e0 nouveau.<\/span><\/li>\n<li class=\"li2\"><b style=\"color: var(--awb-color8); font-size: 16px;\" data-fusion-font=\"true\">Cookies publicitaires:<\/b><span style=\"color: var(--awb-color8); font-size: 16px;\" data-fusion-font=\"true\"> Ces cookies \u00e9tudient le comportement des utilisateurs afin de leur proposer ensuite des publicit\u00e9s en rapport avec ce qui est suppos\u00e9 int\u00e9resser leur profil.<\/span><\/li>\n<li class=\"li2\"><b style=\"color: var(--awb-color8); font-size: 16px;\" data-fusion-font=\"true\">Cookies propres:<\/b><span style=\"color: var(--awb-color8); font-size: 16px;\" data-fusion-font=\"true\"> Il s&rsquo;agit des cookies propres \u00e0 l&rsquo;\u00e9diteur du site. C&rsquo;est-\u00e0-dire les m\u00eames qui fournissent le service \u00e0 l&rsquo;utilisateur du site Web lui-m\u00eame.<\/span><\/li>\n<li class=\"li2\"><b style=\"color: var(--awb-color8); font-size: 16px;\" data-fusion-font=\"true\">Cookies de tiers:<\/b><span style=\"color: var(--awb-color8); font-size: 16px;\" data-fusion-font=\"true\"> Il s&rsquo;agit de cookies qui sont install\u00e9s par une autre entit\u00e9 qui n&rsquo;est pas l&rsquo;\u00e9diteur du site, mais par une autre entit\u00e9 qui traite les donn\u00e9es via des cookies. Par exemple Google Analytics.<\/span><\/li>\n<\/ul>\n<p><span style=\"color: #222222;\"><span style=\"font-size: 16px;\">\u00a0<\/span><\/span><\/p>\n<p class=\"p7\" style=\"color: var(--awb-color8); font-size: 16px;\" data-fusion-font=\"true\">Le tableau suivant pr\u00e9sente, sous forme de r\u00e9sum\u00e9, les cookies que nous utilisons sur notre site Web ou dans les applications pour appareils mobiles :<\/p>\n<table class=\"t1\" cellspacing=\"0\" cellpadding=\"0\">\n<tbody>\n<tr>\n<td class=\"td1\" colspan=\"4\" valign=\"middle\">\n<p class=\"p3\"><b style=\"color: var(--awb-color8); font-size: 16px;\" data-fusion-font=\"true\">Cookies de tiers <\/b><span style=\"color: var(--awb-color8); font-size: 16px;\" data-fusion-font=\"true\">(les informations collect\u00e9es ci-dessous ont \u00e9t\u00e9 fournies par ces tiers)<\/span><\/p>\n<\/td>\n<\/tr>\n<\/tbody>\n<\/table>\n<\/div>\n<div class=\"table-1\">\n<table width=\"100%\">\n<thead>\n<tr>\n<th align=\"left\">Cookies<\/th>\n<th align=\"left\">\n<p class=\"p1\">Information<\/p>\n<\/th>\n<th align=\"left\">\n<p class=\"p1\">Finalit\u00e9<\/p>\n<\/th>\n<\/tr>\n<\/thead>\n<tbody>\n<tr>\n<td align=\"left\">\n<p class=\"p1\">Google Analytics<\/p>\n<\/td>\n<td align=\"left\">\n<p class=\"p1\">Activit\u00e9 sur le web et temps de navigation<\/p>\n<\/td>\n<td align=\"left\">Ces cookies sont utilis\u00e9s pour collecter des informations sur l&rsquo;utilisation de notre site Web par les visiteurs. Nous utilisons les informations pour pr\u00e9parer des rapports et am\u00e9liorer le site. Les cookies collectent des informations de mani\u00e8re anonyme, qui incluent, entre autres, le nombre de visiteurs du site, l&rsquo;endroit d&rsquo;o\u00f9 ils viennent sur le site et les pages visit\u00e9es.<\/td>\n<\/tr>\n<\/tbody>\n<\/table>\n<\/div>\n<div class=\"fusion-separator fusion-full-width-sep\" style=\"align-self: center;margin-left: auto;margin-right: auto;margin-top:22px;width:100%;\"><\/div><div class=\"fusion-text fusion-text-2\"><p>Nous n&rsquo;utilisons aucun type de cookies publicitaires.<\/p>\n<p>Les cookies que nous utilisons ne stockent aucune donn\u00e9e personnelle conform\u00e9ment \u00e0 la l\u00e9gislation en vigueur sur la protection des donn\u00e9es.<\/p>\n<p class=\"p1\"><span class=\"s1\" style=\"color: var(--awb-color8); font-size: 15px;\" data-fusion-font=\"true\">\u00a0<\/span><\/p>\n<p class=\"p4\" style=\"color: var(--awb-color8); font-size: 15px;\" data-fusion-font=\"true\"><b><u>3.4. Comment desactiver ou supprimer les cookies?<\/u><\/b><\/p>\n<p>En naviguant et en continuant sur notre site Web ou en installant nos applications pour appareils mobiles, vous pouvez consentir \u00e0 l&rsquo;utilisation de cookies dans les conditions contenues dans la pr\u00e9sente politique de cookies.<\/p>\n<p>Nous vous informons que, puisque les cookies ne sont pas n\u00e9cessaires \u00e0 l&rsquo;utilisation de notre site Web, vous pouvez les bloquer ou les d\u00e9sactiver en activant les param\u00e8tres de votre navigateur, ce qui vous permet de refuser l&rsquo;installation de tout ou d&rsquo;une partie des cookies.<\/p>\n<p>En g\u00e9n\u00e9ral, il suffira d\u2019ouvrir le navigateur et de choisir l\u2019option \u00ab effacer les donn\u00e9es de navigation \u00bb dans le menu correspondant.<\/p>\n<p>Vous pouvez \u00e9galement autoriser, bloquer ou supprimer les cookies install\u00e9s sur votre ordinateur en configurant les options du navigateur install\u00e9 sur votre ordinateur.<\/p>\n<ul>\n<li>Pour plus d&rsquo;informations sur le navigateur Firefox, cliquez ici.<\/li>\n<\/ul>\n<ul>\n<li>Pour plus d&rsquo;informations sur le navigateur Chrome, cliquez ici.<\/li>\n<\/ul>\n<ul>\n<li><span style=\"font-size: 15px; color: var(--awb-color8);\" data-fusion-font=\"true\">Pour plus d&rsquo;informations sur le navigateur Explorer, cliquez ici.<\/span><\/li>\n<\/ul>\n<ul>\n<li><span style=\"font-size: 15px; color: var(--awb-color8);\" data-fusion-font=\"true\">Pour plus d&rsquo;informations sur le navigateur Safari, cliquez ici.<\/span><\/li>\n<\/ul>\n<ul>\n<li>Pour plus d&rsquo;informations sur le navigateur Opera, cliquez ici.<\/li>\n<\/ul>\n<p class=\"p6\" style=\"color: var(--awb-color8); font-size: 15px;\" data-fusion-font=\"true\"><span style=\"font-size: 15px; color: var(--awb-color8);\" data-fusion-font=\"true\">Si desitja informaci\u00f3 addicional sobre com configurar les Cookies detallada per prove\u00efdor o administrar les seves prefer\u00e8ncies, visiti el portal \u201cYour Online Choices\u201d. Si desitja m\u00e9s informaci\u00f3 sobre les cookies i el seu funcionament en general pot cons<\/span>ultar la Guia d&rsquo;Utilitzaci\u00f3 de Cookies publicada per l&rsquo;Ag\u00e8ncia Espanyola de Protecci\u00f3 de Dades.<\/p>\n<p class=\"p4\" style=\"color: var(--awb-color8); font-size: 15px;\" data-fusion-font=\"true\"><b><u>3.5. Actualitzacions de la Pol\u00edtica de Cookies<\/u><\/b><\/p>\n<p class=\"p6\" style=\"color: var(--awb-color8); font-size: 15px;\" data-fusion-font=\"true\">BAOWATT SCCL modificar\u00e0 la present pol\u00edtica en funci\u00f3 d&rsquo;exig\u00e8ncies legislatives, reglament\u00e0ries, o amb la finalitat d&rsquo;adaptar aquesta pol\u00edtica a les instruccions dictades per l&rsquo;Ag\u00e8ncia Espanyola de Protecci\u00f3 de Dades, per aix\u00f2 s&rsquo;aconsella als usuaris de la mateixa que la visitin peri\u00f2dicament.<\/p>\n<\/div><\/div><\/div><\/div><\/div>\n","protected":false},"excerpt":{"rendered":"","protected":false},"author":2,"featured_media":0,"parent":0,"menu_order":2000,"comment_status":"closed","ping_status":"closed","template":"","meta":{"footnotes":""},"class_list":["post-2175","page","type-page","status-publish","hentry"],"_links":{"self":[{"href":"https:\/\/baorent.cat\/fr\/wp-json\/wp\/v2\/pages\/2175","targetHints":{"allow":["GET"]}}],"collection":[{"href":"https:\/\/baorent.cat\/fr\/wp-json\/wp\/v2\/pages"}],"about":[{"href":"https:\/\/baorent.cat\/fr\/wp-json\/wp\/v2\/types\/page"}],"author":[{"embeddable":true,"href":"https:\/\/baorent.cat\/fr\/wp-json\/wp\/v2\/users\/2"}],"replies":[{"embeddable":true,"href":"https:\/\/baorent.cat\/fr\/wp-json\/wp\/v2\/comments?post=2175"}],"version-history":[{"count":4,"href":"https:\/\/baorent.cat\/fr\/wp-json\/wp\/v2\/pages\/2175\/revisions"}],"predecessor-version":[{"id":2255,"href":"https:\/\/baorent.cat\/fr\/wp-json\/wp\/v2\/pages\/2175\/revisions\/2255"}],"wp:attachment":[{"href":"https:\/\/baorent.cat\/fr\/wp-json\/wp\/v2\/media?parent=2175"}],"curies":[{"name":"wp","href":"https:\/\/api.w.org\/{rel}","templated":true}]}}